{"id":3420,"date":"2023-01-16T11:06:21","date_gmt":"2023-01-16T10:06:21","guid":{"rendered":"https:\/\/vina-deskovic.hr\/proizvod\/chardonnay-barrique-2\/"},"modified":"2025-05-22T11:32:34","modified_gmt":"2025-05-22T09:32:34","slug":"chardonnay-barrique-2","status":"publish","type":"product","link":"https:\/\/vina-deskovic.hr\/en\/proizvod\/chardonnay-barrique-2\/","title":{"rendered":"CHARDONNAY BARRIQUE"},"content":{"rendered":"<p><b>Varietal<\/b>: 100% Chardonnay<br \/>\n<b>Alcohol<\/b>: 13.5% vol<br \/>\n<b>Wine Style<\/b>: Dry white wine aged in barrique and large wooden barrels<br \/>\n<b>Serving Temperature<\/b>: 12\u201314\u00b0C<br \/>\n<b>Ideal Pairings<\/b>: Excellent with grilled fish, white meat in sauce, pasta with mushrooms, seafood risottos, mature cheeses, and dishes with creamy components<br \/>\n<b>Aging Potential<\/b>: 3\u20135 years<\/p>\n<p><b>Price<\/b>: \u20ac15.00<\/p>\n<p><strong>Chardonnay Barrique De\u0161kovi\u0107<\/strong> is a wine full of character and style \u2013 a perfect blend of an international variety and Istrian terroir, for moments when you seek serious and refined wine.<\/p>\n","protected":false},"excerpt":{"rendered":"<p><strong>Chardonnay Barrique<\/strong> from Vinarija De\u0161kovi\u0107 combines the freshness of the variety with the complexity and structure brought by aging in a<strong> combination of barrique barrels and large wooden casks<\/strong>. This wine offers a rounded and elegant experience, ideal for true lovers of white wines with depth.<\/p>\n<p>The color is golden-yellow with a warm hue. The nose develops rich aromas of ripe pear, vanilla, nuts, subtle smoke, and gentle notes of butter. On the palate, the wine is full-bodied, creamy, yet fresh, with pronounced minerality and a long, refined finish.<\/p>\n","protected":false},"featured_media":1864,"template":"","meta":[],"product_brand":[],"product_cat":[66],"product_tag":[],"class_list":{"0":"post-3420","1":"product","2":"type-product","3":"status-publish","4":"has-post-thumbnail","6":"product_cat-vina-en","7":"product_shipping_class-dostava-en","9":"first","10":"instock","11":"taxable","12":"shipping-taxable","13":"product-type-simple"},"yoast_head":"<!-- This site is optimized with the Yoast SEO plugin v27.3 - https:\/\/yoast.com\/product\/yoast-seo-wordpress\/ -->\n<title>CHARDONNAY BARRIQUE - Vina De\u0161kovi\u0107<\/title>\n<meta name=\"robots\" content=\"index, follow, max-snippet:-1, max-image-preview:large, max-video-preview:-1\" \/>\n<link rel=\"canonical\" href=\"https:\/\/vina-deskovic.hr\/en\/proizvod\/chardonnay-barrique-2\/\" \/>\n<meta property=\"og:locale\" content=\"en_US\" \/>\n<meta property=\"og:type\" content=\"article\" \/>\n<meta property=\"og:title\" content=\"CHARDONNAY BARRIQUE - Vina De\u0161kovi\u0107\" \/>\n<meta property=\"og:description\" content=\"Chardonnay Barrique from Vinarija De\u0161kovi\u0107 combines the freshness of the variety with the complexity and structure brought by aging in a combination of barrique barrels and large wooden casks. This wine offers a rounded and elegant experience, ideal for true lovers of white wines with depth.  The color is golden-yellow with a warm hue. The nose develops rich aromas of ripe pear, vanilla, nuts, subtle smoke, and gentle notes of butter. On the palate, the wine is full-bodied, creamy, yet fresh, with pronounced minerality and a long, refined finish.\" \/>\n<meta property=\"og:url\" content=\"https:\/\/vina-deskovic.hr\/en\/proizvod\/chardonnay-barrique-2\/\" \/>\n<meta property=\"og:site_name\" content=\"Vina De\u0161kovi\u0107\" \/>\n<meta property=\"article:modified_time\" content=\"2025-05-22T09:32:34+00:00\" \/>\n<meta property=\"og:image\" content=\"https:\/\/vina-deskovic.hr\/wp-content\/uploads\/2020\/05\/Shardonnay_Barique.jpg\" \/>\n\t<meta property=\"og:image:width\" content=\"800\" \/>\n\t<meta property=\"og:image:height\" content=\"800\" \/>\n\t<meta property=\"og:image:type\" content=\"image\/jpeg\" \/>\n<meta name=\"twitter:card\" content=\"summary_large_image\" \/>\n<meta name=\"twitter:label1\" content=\"Est. reading time\" \/>\n\t<meta name=\"twitter:data1\" content=\"1 minute\" \/>\n<script type=\"application\/ld+json\" class=\"yoast-schema-graph\">{\"@context\":\"https:\\\/\\\/schema.org\",\"@graph\":[{\"@type\":\"WebPage\",\"@id\":\"https:\\\/\\\/vina-deskovic.hr\\\/en\\\/proizvod\\\/chardonnay-barrique-2\\\/\",\"url\":\"https:\\\/\\\/vina-deskovic.hr\\\/en\\\/proizvod\\\/chardonnay-barrique-2\\\/\",\"name\":\"CHARDONNAY BARRIQUE - Vina De\u0161kovi\u0107\",\"isPartOf\":{\"@id\":\"https:\\\/\\\/vina-deskovic.hr\\\/en\\\/#website\"},\"primaryImageOfPage\":{\"@id\":\"https:\\\/\\\/vina-deskovic.hr\\\/en\\\/proizvod\\\/chardonnay-barrique-2\\\/#primaryimage\"},\"image\":{\"@id\":\"https:\\\/\\\/vina-deskovic.hr\\\/en\\\/proizvod\\\/chardonnay-barrique-2\\\/#primaryimage\"},\"thumbnailUrl\":\"https:\\\/\\\/vina-deskovic.hr\\\/wp-content\\\/uploads\\\/2020\\\/05\\\/Shardonnay_Barique.jpg\",\"datePublished\":\"2023-01-16T10:06:21+00:00\",\"dateModified\":\"2025-05-22T09:32:34+00:00\",\"breadcrumb\":{\"@id\":\"https:\\\/\\\/vina-deskovic.hr\\\/en\\\/proizvod\\\/chardonnay-barrique-2\\\/#breadcrumb\"},\"inLanguage\":\"en-US\",\"potentialAction\":[{\"@type\":\"ReadAction\",\"target\":[\"https:\\\/\\\/vina-deskovic.hr\\\/en\\\/proizvod\\\/chardonnay-barrique-2\\\/\"]}]},{\"@type\":\"ImageObject\",\"inLanguage\":\"en-US\",\"@id\":\"https:\\\/\\\/vina-deskovic.hr\\\/en\\\/proizvod\\\/chardonnay-barrique-2\\\/#primaryimage\",\"url\":\"https:\\\/\\\/vina-deskovic.hr\\\/wp-content\\\/uploads\\\/2020\\\/05\\\/Shardonnay_Barique.jpg\",\"contentUrl\":\"https:\\\/\\\/vina-deskovic.hr\\\/wp-content\\\/uploads\\\/2020\\\/05\\\/Shardonnay_Barique.jpg\",\"width\":800,\"height\":800},{\"@type\":\"BreadcrumbList\",\"@id\":\"https:\\\/\\\/vina-deskovic.hr\\\/en\\\/proizvod\\\/chardonnay-barrique-2\\\/#breadcrumb\",\"itemListElement\":[{\"@type\":\"ListItem\",\"position\":1,\"name\":\"Po\u010detna stranica\",\"item\":\"https:\\\/\\\/vina-deskovic.hr\\\/en\\\/\"},{\"@type\":\"ListItem\",\"position\":2,\"name\":\"Shop\",\"item\":\"https:\\\/\\\/vina-deskovic.hr\\\/en\\\/shop\\\/\"},{\"@type\":\"ListItem\",\"position\":3,\"name\":\"CHARDONNAY BARRIQUE\"}]},{\"@type\":\"WebSite\",\"@id\":\"https:\\\/\\\/vina-deskovic.hr\\\/en\\\/#website\",\"url\":\"https:\\\/\\\/vina-deskovic.hr\\\/en\\\/\",\"name\":\"Vina De\u0161kovi\u0107\",\"description\":\"Vrhunska vina i delicije iz Istre\",\"potentialAction\":[{\"@type\":\"SearchAction\",\"target\":{\"@type\":\"EntryPoint\",\"urlTemplate\":\"https:\\\/\\\/vina-deskovic.hr\\\/en\\\/?s={search_term_string}\"},\"query-input\":{\"@type\":\"PropertyValueSpecification\",\"valueRequired\":true,\"valueName\":\"search_term_string\"}}],\"inLanguage\":\"en-US\"}]}<\/script>\n<!-- \/ Yoast SEO plugin. -->","yoast_head_json":{"title":"CHARDONNAY BARRIQUE - Vina De\u0161kovi\u0107","robots":{"index":"index","follow":"follow","max-snippet":"max-snippet:-1","max-image-preview":"max-image-preview:large","max-video-preview":"max-video-preview:-1"},"canonical":"https:\/\/vina-deskovic.hr\/en\/proizvod\/chardonnay-barrique-2\/","og_locale":"en_US","og_type":"article","og_title":"CHARDONNAY BARRIQUE - Vina De\u0161kovi\u0107","og_description":"Chardonnay Barrique from Vinarija De\u0161kovi\u0107 combines the freshness of the variety with the complexity and structure brought by aging in a combination of barrique barrels and large wooden casks. This wine offers a rounded and elegant experience, ideal for true lovers of white wines with depth.  The color is golden-yellow with a warm hue. The nose develops rich aromas of ripe pear, vanilla, nuts, subtle smoke, and gentle notes of butter. On the palate, the wine is full-bodied, creamy, yet fresh, with pronounced minerality and a long, refined finish.","og_url":"https:\/\/vina-deskovic.hr\/en\/proizvod\/chardonnay-barrique-2\/","og_site_name":"Vina De\u0161kovi\u0107","article_modified_time":"2025-05-22T09:32:34+00:00","og_image":[{"width":800,"height":800,"url":"https:\/\/vina-deskovic.hr\/wp-content\/uploads\/2020\/05\/Shardonnay_Barique.jpg","type":"image\/jpeg"}],"twitter_card":"summary_large_image","twitter_misc":{"Est. reading time":"1 minute"},"schema":{"@context":"https:\/\/schema.org","@graph":[{"@type":"WebPage","@id":"https:\/\/vina-deskovic.hr\/en\/proizvod\/chardonnay-barrique-2\/","url":"https:\/\/vina-deskovic.hr\/en\/proizvod\/chardonnay-barrique-2\/","name":"CHARDONNAY BARRIQUE - Vina De\u0161kovi\u0107","isPartOf":{"@id":"https:\/\/vina-deskovic.hr\/en\/#website"},"primaryImageOfPage":{"@id":"https:\/\/vina-deskovic.hr\/en\/proizvod\/chardonnay-barrique-2\/#primaryimage"},"image":{"@id":"https:\/\/vina-deskovic.hr\/en\/proizvod\/chardonnay-barrique-2\/#primaryimage"},"thumbnailUrl":"https:\/\/vina-deskovic.hr\/wp-content\/uploads\/2020\/05\/Shardonnay_Barique.jpg","datePublished":"2023-01-16T10:06:21+00:00","dateModified":"2025-05-22T09:32:34+00:00","breadcrumb":{"@id":"https:\/\/vina-deskovic.hr\/en\/proizvod\/chardonnay-barrique-2\/#breadcrumb"},"inLanguage":"en-US","potentialAction":[{"@type":"ReadAction","target":["https:\/\/vina-deskovic.hr\/en\/proizvod\/chardonnay-barrique-2\/"]}]},{"@type":"ImageObject","inLanguage":"en-US","@id":"https:\/\/vina-deskovic.hr\/en\/proizvod\/chardonnay-barrique-2\/#primaryimage","url":"https:\/\/vina-deskovic.hr\/wp-content\/uploads\/2020\/05\/Shardonnay_Barique.jpg","contentUrl":"https:\/\/vina-deskovic.hr\/wp-content\/uploads\/2020\/05\/Shardonnay_Barique.jpg","width":800,"height":800},{"@type":"BreadcrumbList","@id":"https:\/\/vina-deskovic.hr\/en\/proizvod\/chardonnay-barrique-2\/#breadcrumb","itemListElement":[{"@type":"ListItem","position":1,"name":"Po\u010detna stranica","item":"https:\/\/vina-deskovic.hr\/en\/"},{"@type":"ListItem","position":2,"name":"Shop","item":"https:\/\/vina-deskovic.hr\/en\/shop\/"},{"@type":"ListItem","position":3,"name":"CHARDONNAY BARRIQUE"}]},{"@type":"WebSite","@id":"https:\/\/vina-deskovic.hr\/en\/#website","url":"https:\/\/vina-deskovic.hr\/en\/","name":"Vina De\u0161kovi\u0107","description":"Vrhunska vina i delicije iz Istre","potentialAction":[{"@type":"SearchAction","target":{"@type":"EntryPoint","urlTemplate":"https:\/\/vina-deskovic.hr\/en\/?s={search_term_string}"},"query-input":{"@type":"PropertyValueSpecification","valueRequired":true,"valueName":"search_term_string"}}],"inLanguage":"en-US"}]}},"_links":{"self":[{"href":"https:\/\/vina-deskovic.hr\/en\/wp-json\/wp\/v2\/product\/3420","targetHints":{"allow":["GET"]}}],"collection":[{"href":"https:\/\/vina-deskovic.hr\/en\/wp-json\/wp\/v2\/product"}],"about":[{"href":"https:\/\/vina-deskovic.hr\/en\/wp-json\/wp\/v2\/types\/product"}],"wp:featuredmedia":[{"embeddable":true,"href":"https:\/\/vina-deskovic.hr\/en\/wp-json\/wp\/v2\/media\/1864"}],"wp:attachment":[{"href":"https:\/\/vina-deskovic.hr\/en\/wp-json\/wp\/v2\/media?parent=3420"}],"wp:term":[{"taxonomy":"product_brand","embeddable":true,"href":"https:\/\/vina-deskovic.hr\/en\/wp-json\/wp\/v2\/product_brand?post=3420"},{"taxonomy":"product_cat","embeddable":true,"href":"https:\/\/vina-deskovic.hr\/en\/wp-json\/wp\/v2\/product_cat?post=3420"},{"taxonomy":"product_tag","embeddable":true,"href":"https:\/\/vina-deskovic.hr\/en\/wp-json\/wp\/v2\/product_tag?post=3420"}],"curies":[{"name":"wp","href":"https:\/\/api.w.org\/{rel}","templated":true}]}}