{"id":3436,"date":"2023-01-16T11:06:29","date_gmt":"2023-01-16T10:06:29","guid":{"rendered":"https:\/\/vina-deskovic.hr\/proizvod\/merlot-2\/"},"modified":"2025-05-22T11:51:58","modified_gmt":"2025-05-22T09:51:58","slug":"merlot-2","status":"publish","type":"product","link":"https:\/\/vina-deskovic.hr\/en\/proizvod\/merlot-2\/","title":{"rendered":"MERLOT"},"content":{"rendered":"<p><b>Varietal<\/b>: 100% Merlot<br \/>\n<b>Alcohol<\/b>: 14.0% vol<br \/>\n<b>Wine Style<\/b>: Dry red wine<br \/>\n<b>Serving Temperature<\/b>: 16\u201318\u00b0C<br \/>\n<b>Ideal Pairings<\/b>: Pairs excellently with meat dishes, roasts, pasta with rich sauces, grilled oily fish, and mature cheeses<br \/>\n<b>Aging Potential<\/b>: 4\u20136 years<\/p>\n<p><b>Price<\/b>: \u20ac11.00<\/p>\n<p><strong>Merlot De\u0161kovi\u0107<\/strong> is a wine that combines smoothness and depth \u2013 elegant, layered, and perfect for lovers of classic red wines with strong character.<\/p>\n","protected":false},"excerpt":{"rendered":"<p><strong>Merlot<\/strong> from Vinarija De\u0161kovi\u0107 is a soft, rounded, and elegant wine that expresses the full potential of the variety through the Istrian terroir. It is a red wine that offers a pleasant and refined experience with its fruity character and harmonious structure.<\/p>\n<p>The wine has a deep ruby color with gentle garnet hues. The nose is dominated by aromas of ripe plums, blackcurrant, blueberries, and delicate spicy notes such as vanilla and dark chocolate. On the palate, it is <strong>dry<\/strong>, velvety, with soft tannins and a warm, lasting finish.<\/p>\n","protected":false},"featured_media":2145,"template":"","meta":[],"product_brand":[],"product_cat":[66],"product_tag":[67],"class_list":{"0":"post-3436","1":"product","2":"type-product","3":"status-publish","4":"has-post-thumbnail","6":"product_cat-vina-en","7":"product_tag-vino-en","8":"product_shipping_class-dostava-en","10":"first","11":"instock","12":"taxable","13":"shipping-taxable","14":"product-type-simple"},"yoast_head":"<!-- This site is optimized with the Yoast SEO plugin v27.3 - https:\/\/yoast.com\/product\/yoast-seo-wordpress\/ -->\n<title>MERLOT - Vina De\u0161kovi\u0107<\/title>\n<meta name=\"robots\" content=\"index, follow, max-snippet:-1, max-image-preview:large, max-video-preview:-1\" \/>\n<link rel=\"canonical\" href=\"https:\/\/vina-deskovic.hr\/en\/proizvod\/merlot-2\/\" \/>\n<meta property=\"og:locale\" content=\"en_US\" \/>\n<meta property=\"og:type\" content=\"article\" \/>\n<meta property=\"og:title\" content=\"MERLOT - Vina De\u0161kovi\u0107\" \/>\n<meta property=\"og:description\" content=\"Merlot from Vinarija De\u0161kovi\u0107 is a soft, rounded, and elegant wine that expresses the full potential of the variety through the Istrian terroir. It is a red wine that offers a pleasant and refined experience with its fruity character and harmonious structure.  The wine has a deep ruby color with gentle garnet hues. The nose is dominated by aromas of ripe plums, blackcurrant, blueberries, and delicate spicy notes such as vanilla and dark chocolate. On the palate, it is dry, velvety, with soft tannins and a warm, lasting finish.\" \/>\n<meta property=\"og:url\" content=\"https:\/\/vina-deskovic.hr\/en\/proizvod\/merlot-2\/\" \/>\n<meta property=\"og:site_name\" content=\"Vina De\u0161kovi\u0107\" \/>\n<meta property=\"article:modified_time\" content=\"2025-05-22T09:51:58+00:00\" \/>\n<meta property=\"og:image\" content=\"https:\/\/vina-deskovic.hr\/wp-content\/uploads\/2022\/06\/Merlot.jpg\" \/>\n\t<meta property=\"og:image:width\" content=\"800\" \/>\n\t<meta property=\"og:image:height\" content=\"800\" \/>\n\t<meta property=\"og:image:type\" content=\"image\/jpeg\" \/>\n<meta name=\"twitter:card\" content=\"summary_large_image\" \/>\n<meta name=\"twitter:label1\" content=\"Est. reading time\" \/>\n\t<meta name=\"twitter:data1\" content=\"1 minute\" \/>\n<script type=\"application\/ld+json\" class=\"yoast-schema-graph\">{\"@context\":\"https:\\\/\\\/schema.org\",\"@graph\":[{\"@type\":\"WebPage\",\"@id\":\"https:\\\/\\\/vina-deskovic.hr\\\/en\\\/proizvod\\\/merlot-2\\\/\",\"url\":\"https:\\\/\\\/vina-deskovic.hr\\\/en\\\/proizvod\\\/merlot-2\\\/\",\"name\":\"MERLOT - Vina De\u0161kovi\u0107\",\"isPartOf\":{\"@id\":\"https:\\\/\\\/vina-deskovic.hr\\\/en\\\/#website\"},\"primaryImageOfPage\":{\"@id\":\"https:\\\/\\\/vina-deskovic.hr\\\/en\\\/proizvod\\\/merlot-2\\\/#primaryimage\"},\"image\":{\"@id\":\"https:\\\/\\\/vina-deskovic.hr\\\/en\\\/proizvod\\\/merlot-2\\\/#primaryimage\"},\"thumbnailUrl\":\"https:\\\/\\\/vina-deskovic.hr\\\/wp-content\\\/uploads\\\/2022\\\/06\\\/Merlot.jpg\",\"datePublished\":\"2023-01-16T10:06:29+00:00\",\"dateModified\":\"2025-05-22T09:51:58+00:00\",\"breadcrumb\":{\"@id\":\"https:\\\/\\\/vina-deskovic.hr\\\/en\\\/proizvod\\\/merlot-2\\\/#breadcrumb\"},\"inLanguage\":\"en-US\",\"potentialAction\":[{\"@type\":\"ReadAction\",\"target\":[\"https:\\\/\\\/vina-deskovic.hr\\\/en\\\/proizvod\\\/merlot-2\\\/\"]}]},{\"@type\":\"ImageObject\",\"inLanguage\":\"en-US\",\"@id\":\"https:\\\/\\\/vina-deskovic.hr\\\/en\\\/proizvod\\\/merlot-2\\\/#primaryimage\",\"url\":\"https:\\\/\\\/vina-deskovic.hr\\\/wp-content\\\/uploads\\\/2022\\\/06\\\/Merlot.jpg\",\"contentUrl\":\"https:\\\/\\\/vina-deskovic.hr\\\/wp-content\\\/uploads\\\/2022\\\/06\\\/Merlot.jpg\",\"width\":800,\"height\":800,\"caption\":\"Merlot\"},{\"@type\":\"BreadcrumbList\",\"@id\":\"https:\\\/\\\/vina-deskovic.hr\\\/en\\\/proizvod\\\/merlot-2\\\/#breadcrumb\",\"itemListElement\":[{\"@type\":\"ListItem\",\"position\":1,\"name\":\"Po\u010detna stranica\",\"item\":\"https:\\\/\\\/vina-deskovic.hr\\\/en\\\/\"},{\"@type\":\"ListItem\",\"position\":2,\"name\":\"Shop\",\"item\":\"https:\\\/\\\/vina-deskovic.hr\\\/en\\\/shop\\\/\"},{\"@type\":\"ListItem\",\"position\":3,\"name\":\"MERLOT\"}]},{\"@type\":\"WebSite\",\"@id\":\"https:\\\/\\\/vina-deskovic.hr\\\/en\\\/#website\",\"url\":\"https:\\\/\\\/vina-deskovic.hr\\\/en\\\/\",\"name\":\"Vina De\u0161kovi\u0107\",\"description\":\"Vrhunska vina i delicije iz Istre\",\"potentialAction\":[{\"@type\":\"SearchAction\",\"target\":{\"@type\":\"EntryPoint\",\"urlTemplate\":\"https:\\\/\\\/vina-deskovic.hr\\\/en\\\/?s={search_term_string}\"},\"query-input\":{\"@type\":\"PropertyValueSpecification\",\"valueRequired\":true,\"valueName\":\"search_term_string\"}}],\"inLanguage\":\"en-US\"}]}<\/script>\n<!-- \/ Yoast SEO plugin. -->","yoast_head_json":{"title":"MERLOT - Vina De\u0161kovi\u0107","robots":{"index":"index","follow":"follow","max-snippet":"max-snippet:-1","max-image-preview":"max-image-preview:large","max-video-preview":"max-video-preview:-1"},"canonical":"https:\/\/vina-deskovic.hr\/en\/proizvod\/merlot-2\/","og_locale":"en_US","og_type":"article","og_title":"MERLOT - Vina De\u0161kovi\u0107","og_description":"Merlot from Vinarija De\u0161kovi\u0107 is a soft, rounded, and elegant wine that expresses the full potential of the variety through the Istrian terroir. It is a red wine that offers a pleasant and refined experience with its fruity character and harmonious structure.  The wine has a deep ruby color with gentle garnet hues. The nose is dominated by aromas of ripe plums, blackcurrant, blueberries, and delicate spicy notes such as vanilla and dark chocolate. On the palate, it is dry, velvety, with soft tannins and a warm, lasting finish.","og_url":"https:\/\/vina-deskovic.hr\/en\/proizvod\/merlot-2\/","og_site_name":"Vina De\u0161kovi\u0107","article_modified_time":"2025-05-22T09:51:58+00:00","og_image":[{"width":800,"height":800,"url":"https:\/\/vina-deskovic.hr\/wp-content\/uploads\/2022\/06\/Merlot.jpg","type":"image\/jpeg"}],"twitter_card":"summary_large_image","twitter_misc":{"Est. reading time":"1 minute"},"schema":{"@context":"https:\/\/schema.org","@graph":[{"@type":"WebPage","@id":"https:\/\/vina-deskovic.hr\/en\/proizvod\/merlot-2\/","url":"https:\/\/vina-deskovic.hr\/en\/proizvod\/merlot-2\/","name":"MERLOT - Vina De\u0161kovi\u0107","isPartOf":{"@id":"https:\/\/vina-deskovic.hr\/en\/#website"},"primaryImageOfPage":{"@id":"https:\/\/vina-deskovic.hr\/en\/proizvod\/merlot-2\/#primaryimage"},"image":{"@id":"https:\/\/vina-deskovic.hr\/en\/proizvod\/merlot-2\/#primaryimage"},"thumbnailUrl":"https:\/\/vina-deskovic.hr\/wp-content\/uploads\/2022\/06\/Merlot.jpg","datePublished":"2023-01-16T10:06:29+00:00","dateModified":"2025-05-22T09:51:58+00:00","breadcrumb":{"@id":"https:\/\/vina-deskovic.hr\/en\/proizvod\/merlot-2\/#breadcrumb"},"inLanguage":"en-US","potentialAction":[{"@type":"ReadAction","target":["https:\/\/vina-deskovic.hr\/en\/proizvod\/merlot-2\/"]}]},{"@type":"ImageObject","inLanguage":"en-US","@id":"https:\/\/vina-deskovic.hr\/en\/proizvod\/merlot-2\/#primaryimage","url":"https:\/\/vina-deskovic.hr\/wp-content\/uploads\/2022\/06\/Merlot.jpg","contentUrl":"https:\/\/vina-deskovic.hr\/wp-content\/uploads\/2022\/06\/Merlot.jpg","width":800,"height":800,"caption":"Merlot"},{"@type":"BreadcrumbList","@id":"https:\/\/vina-deskovic.hr\/en\/proizvod\/merlot-2\/#breadcrumb","itemListElement":[{"@type":"ListItem","position":1,"name":"Po\u010detna stranica","item":"https:\/\/vina-deskovic.hr\/en\/"},{"@type":"ListItem","position":2,"name":"Shop","item":"https:\/\/vina-deskovic.hr\/en\/shop\/"},{"@type":"ListItem","position":3,"name":"MERLOT"}]},{"@type":"WebSite","@id":"https:\/\/vina-deskovic.hr\/en\/#website","url":"https:\/\/vina-deskovic.hr\/en\/","name":"Vina De\u0161kovi\u0107","description":"Vrhunska vina i delicije iz Istre","potentialAction":[{"@type":"SearchAction","target":{"@type":"EntryPoint","urlTemplate":"https:\/\/vina-deskovic.hr\/en\/?s={search_term_string}"},"query-input":{"@type":"PropertyValueSpecification","valueRequired":true,"valueName":"search_term_string"}}],"inLanguage":"en-US"}]}},"_links":{"self":[{"href":"https:\/\/vina-deskovic.hr\/en\/wp-json\/wp\/v2\/product\/3436","targetHints":{"allow":["GET"]}}],"collection":[{"href":"https:\/\/vina-deskovic.hr\/en\/wp-json\/wp\/v2\/product"}],"about":[{"href":"https:\/\/vina-deskovic.hr\/en\/wp-json\/wp\/v2\/types\/product"}],"wp:featuredmedia":[{"embeddable":true,"href":"https:\/\/vina-deskovic.hr\/en\/wp-json\/wp\/v2\/media\/2145"}],"wp:attachment":[{"href":"https:\/\/vina-deskovic.hr\/en\/wp-json\/wp\/v2\/media?parent=3436"}],"wp:term":[{"taxonomy":"product_brand","embeddable":true,"href":"https:\/\/vina-deskovic.hr\/en\/wp-json\/wp\/v2\/product_brand?post=3436"},{"taxonomy":"product_cat","embeddable":true,"href":"https:\/\/vina-deskovic.hr\/en\/wp-json\/wp\/v2\/product_cat?post=3436"},{"taxonomy":"product_tag","embeddable":true,"href":"https:\/\/vina-deskovic.hr\/en\/wp-json\/wp\/v2\/product_tag?post=3436"}],"curies":[{"name":"wp","href":"https:\/\/api.w.org\/{rel}","templated":true}]}}