{"id":3399,"date":"2024-08-19T09:06:22","date_gmt":"2024-08-19T07:06:22","guid":{"rendered":"https:\/\/vina-deskovic.hr\/proizvod\/pjenusavo-vino-tris\/"},"modified":"2025-05-22T11:06:36","modified_gmt":"2025-05-22T09:06:36","slug":"pjenusavo-vino-tris","status":"publish","type":"product","link":"https:\/\/vina-deskovic.hr\/it\/proizvod\/pjenusavo-vino-tris\/","title":{"rendered":"TRIS \u2013 Vino Spumante"},"content":{"rendered":"<p><b>Vitigni<\/b>: Chardonnay, Pinot Grigio, Moscato Bianco<br \/>\n<b>Alcol<\/b>: 12,0 % vol<br \/>\n<b>Stile<\/b>: Spumante secco \u2013 Metodo Charmat<br \/>\n<b>Temperatura di servizio<\/b>: 6 \u2013 8 \u00b0C<br \/>\n<b>Abbinamenti ideali<\/b>: Perfetto come aperitivo, con antipasti leggeri, insalate di frutta, calamari fritti, sushi e formaggi cremosi<br \/>\n<b>Potenziale di affinamento<\/b>: 1 \u2013 2 anni<\/p>\n<p><b>Prezzo<\/b>: 15,00 \u20ac<\/p>\n<p><strong>Tris<\/strong> \u00e8 uno spumante frizzante e vivace, perfetto per tutti quei momenti che meritano una scintilla in pi\u00f9.<\/p>\n","protected":false},"excerpt":{"rendered":"<p><strong>Tris<\/strong> \u00e8 uno spumante fresco e aromatico, prodotto con il <strong>metodo Charmat<\/strong>, che prevede una seconda fermentazione in autoclave per preservare al meglio le note fruttate, floreali e la sua grande bevibilit\u00e0.<\/p>\n<p>Nasce da un elegante connubio tra <strong>Chardonnay, Pinot Grigio e Moscato Bianco,<\/strong> che insieme offrono un perfetto equilibrio tra freschezza, una leggera cremosit\u00e0 e sentori aromatici. Al naso dominano profumi di fiori bianchi, agrumi maturi e una delicata nota moscata. Al palato \u00e8 secco, vivace, con un perlage fine e un finale armonico.<\/p>\n","protected":false},"featured_media":3198,"template":"","meta":[],"product_brand":[],"product_cat":[68],"product_tag":[69],"class_list":{"0":"post-3399","1":"product","2":"type-product","3":"status-publish","4":"has-post-thumbnail","6":"product_cat-vina-it","7":"product_tag-vino-it","9":"first","10":"instock","11":"taxable","12":"shipping-taxable","13":"product-type-simple"},"yoast_head":"<!-- This site is optimized with the Yoast SEO plugin v27.3 - https:\/\/yoast.com\/product\/yoast-seo-wordpress\/ -->\n<title>TRIS \u2013 Vino Spumante - Vina De\u0161kovi\u0107<\/title>\n<meta name=\"robots\" content=\"index, follow, max-snippet:-1, max-image-preview:large, max-video-preview:-1\" \/>\n<link rel=\"canonical\" href=\"https:\/\/vina-deskovic.hr\/it\/proizvod\/pjenusavo-vino-tris\/\" \/>\n<meta property=\"og:locale\" content=\"it_IT\" \/>\n<meta property=\"og:type\" content=\"article\" \/>\n<meta property=\"og:title\" content=\"TRIS \u2013 Vino Spumante - Vina De\u0161kovi\u0107\" \/>\n<meta property=\"og:description\" content=\"Tris \u00e8 uno spumante fresco e aromatico, prodotto con il metodo Charmat, che prevede una seconda fermentazione in autoclave per preservare al meglio le note fruttate, floreali e la sua grande bevibilit\u00e0.  Nasce da un elegante connubio tra Chardonnay, Pinot Grigio e Moscato Bianco, che insieme offrono un perfetto equilibrio tra freschezza, una leggera cremosit\u00e0 e sentori aromatici. Al naso dominano profumi di fiori bianchi, agrumi maturi e una delicata nota moscata. Al palato \u00e8 secco, vivace, con un perlage fine e un finale armonico.\" \/>\n<meta property=\"og:url\" content=\"https:\/\/vina-deskovic.hr\/it\/proizvod\/pjenusavo-vino-tris\/\" \/>\n<meta property=\"og:site_name\" content=\"Vina De\u0161kovi\u0107\" \/>\n<meta property=\"article:modified_time\" content=\"2025-05-22T09:06:36+00:00\" \/>\n<meta property=\"og:image\" content=\"https:\/\/vina-deskovic.hr\/wp-content\/uploads\/2024\/08\/Deskovic-Tris-webshop.jpg\" \/>\n\t<meta property=\"og:image:width\" content=\"800\" \/>\n\t<meta property=\"og:image:height\" content=\"800\" \/>\n\t<meta property=\"og:image:type\" content=\"image\/jpeg\" \/>\n<meta name=\"twitter:card\" content=\"summary_large_image\" \/>\n<meta name=\"twitter:label1\" content=\"Tempo di lettura stimato\" \/>\n\t<meta name=\"twitter:data1\" content=\"1 minuto\" \/>\n<script type=\"application\/ld+json\" class=\"yoast-schema-graph\">{\"@context\":\"https:\\\/\\\/schema.org\",\"@graph\":[{\"@type\":\"WebPage\",\"@id\":\"https:\\\/\\\/vina-deskovic.hr\\\/it\\\/proizvod\\\/pjenusavo-vino-tris\\\/\",\"url\":\"https:\\\/\\\/vina-deskovic.hr\\\/it\\\/proizvod\\\/pjenusavo-vino-tris\\\/\",\"name\":\"TRIS \u2013 Vino Spumante - Vina De\u0161kovi\u0107\",\"isPartOf\":{\"@id\":\"https:\\\/\\\/vina-deskovic.hr\\\/it\\\/#website\"},\"primaryImageOfPage\":{\"@id\":\"https:\\\/\\\/vina-deskovic.hr\\\/it\\\/proizvod\\\/pjenusavo-vino-tris\\\/#primaryimage\"},\"image\":{\"@id\":\"https:\\\/\\\/vina-deskovic.hr\\\/it\\\/proizvod\\\/pjenusavo-vino-tris\\\/#primaryimage\"},\"thumbnailUrl\":\"https:\\\/\\\/vina-deskovic.hr\\\/wp-content\\\/uploads\\\/2024\\\/08\\\/Deskovic-Tris-webshop.jpg\",\"datePublished\":\"2024-08-19T07:06:22+00:00\",\"dateModified\":\"2025-05-22T09:06:36+00:00\",\"breadcrumb\":{\"@id\":\"https:\\\/\\\/vina-deskovic.hr\\\/it\\\/proizvod\\\/pjenusavo-vino-tris\\\/#breadcrumb\"},\"inLanguage\":\"it-IT\",\"potentialAction\":[{\"@type\":\"ReadAction\",\"target\":[\"https:\\\/\\\/vina-deskovic.hr\\\/it\\\/proizvod\\\/pjenusavo-vino-tris\\\/\"]}]},{\"@type\":\"ImageObject\",\"inLanguage\":\"it-IT\",\"@id\":\"https:\\\/\\\/vina-deskovic.hr\\\/it\\\/proizvod\\\/pjenusavo-vino-tris\\\/#primaryimage\",\"url\":\"https:\\\/\\\/vina-deskovic.hr\\\/wp-content\\\/uploads\\\/2024\\\/08\\\/Deskovic-Tris-webshop.jpg\",\"contentUrl\":\"https:\\\/\\\/vina-deskovic.hr\\\/wp-content\\\/uploads\\\/2024\\\/08\\\/Deskovic-Tris-webshop.jpg\",\"width\":800,\"height\":800,\"caption\":\"Pjenu\u0161avo vino Tris\"},{\"@type\":\"BreadcrumbList\",\"@id\":\"https:\\\/\\\/vina-deskovic.hr\\\/it\\\/proizvod\\\/pjenusavo-vino-tris\\\/#breadcrumb\",\"itemListElement\":[{\"@type\":\"ListItem\",\"position\":1,\"name\":\"Po\u010detna stranica\",\"item\":\"https:\\\/\\\/vina-deskovic.hr\\\/it\\\/\"},{\"@type\":\"ListItem\",\"position\":2,\"name\":\"Negozio\",\"item\":\"https:\\\/\\\/vina-deskovic.hr\\\/it\\\/negozio\\\/\"},{\"@type\":\"ListItem\",\"position\":3,\"name\":\"TRIS \u2013 Vino Spumante\"}]},{\"@type\":\"WebSite\",\"@id\":\"https:\\\/\\\/vina-deskovic.hr\\\/it\\\/#website\",\"url\":\"https:\\\/\\\/vina-deskovic.hr\\\/it\\\/\",\"name\":\"Vina De\u0161kovi\u0107\",\"description\":\"Vrhunska vina i delicije iz Istre\",\"potentialAction\":[{\"@type\":\"SearchAction\",\"target\":{\"@type\":\"EntryPoint\",\"urlTemplate\":\"https:\\\/\\\/vina-deskovic.hr\\\/it\\\/?s={search_term_string}\"},\"query-input\":{\"@type\":\"PropertyValueSpecification\",\"valueRequired\":true,\"valueName\":\"search_term_string\"}}],\"inLanguage\":\"it-IT\"}]}<\/script>\n<!-- \/ Yoast SEO plugin. -->","yoast_head_json":{"title":"TRIS \u2013 Vino Spumante - Vina De\u0161kovi\u0107","robots":{"index":"index","follow":"follow","max-snippet":"max-snippet:-1","max-image-preview":"max-image-preview:large","max-video-preview":"max-video-preview:-1"},"canonical":"https:\/\/vina-deskovic.hr\/it\/proizvod\/pjenusavo-vino-tris\/","og_locale":"it_IT","og_type":"article","og_title":"TRIS \u2013 Vino Spumante - Vina De\u0161kovi\u0107","og_description":"Tris \u00e8 uno spumante fresco e aromatico, prodotto con il metodo Charmat, che prevede una seconda fermentazione in autoclave per preservare al meglio le note fruttate, floreali e la sua grande bevibilit\u00e0.  Nasce da un elegante connubio tra Chardonnay, Pinot Grigio e Moscato Bianco, che insieme offrono un perfetto equilibrio tra freschezza, una leggera cremosit\u00e0 e sentori aromatici. Al naso dominano profumi di fiori bianchi, agrumi maturi e una delicata nota moscata. Al palato \u00e8 secco, vivace, con un perlage fine e un finale armonico.","og_url":"https:\/\/vina-deskovic.hr\/it\/proizvod\/pjenusavo-vino-tris\/","og_site_name":"Vina De\u0161kovi\u0107","article_modified_time":"2025-05-22T09:06:36+00:00","og_image":[{"width":800,"height":800,"url":"https:\/\/vina-deskovic.hr\/wp-content\/uploads\/2024\/08\/Deskovic-Tris-webshop.jpg","type":"image\/jpeg"}],"twitter_card":"summary_large_image","twitter_misc":{"Tempo di lettura stimato":"1 minuto"},"schema":{"@context":"https:\/\/schema.org","@graph":[{"@type":"WebPage","@id":"https:\/\/vina-deskovic.hr\/it\/proizvod\/pjenusavo-vino-tris\/","url":"https:\/\/vina-deskovic.hr\/it\/proizvod\/pjenusavo-vino-tris\/","name":"TRIS \u2013 Vino Spumante - Vina De\u0161kovi\u0107","isPartOf":{"@id":"https:\/\/vina-deskovic.hr\/it\/#website"},"primaryImageOfPage":{"@id":"https:\/\/vina-deskovic.hr\/it\/proizvod\/pjenusavo-vino-tris\/#primaryimage"},"image":{"@id":"https:\/\/vina-deskovic.hr\/it\/proizvod\/pjenusavo-vino-tris\/#primaryimage"},"thumbnailUrl":"https:\/\/vina-deskovic.hr\/wp-content\/uploads\/2024\/08\/Deskovic-Tris-webshop.jpg","datePublished":"2024-08-19T07:06:22+00:00","dateModified":"2025-05-22T09:06:36+00:00","breadcrumb":{"@id":"https:\/\/vina-deskovic.hr\/it\/proizvod\/pjenusavo-vino-tris\/#breadcrumb"},"inLanguage":"it-IT","potentialAction":[{"@type":"ReadAction","target":["https:\/\/vina-deskovic.hr\/it\/proizvod\/pjenusavo-vino-tris\/"]}]},{"@type":"ImageObject","inLanguage":"it-IT","@id":"https:\/\/vina-deskovic.hr\/it\/proizvod\/pjenusavo-vino-tris\/#primaryimage","url":"https:\/\/vina-deskovic.hr\/wp-content\/uploads\/2024\/08\/Deskovic-Tris-webshop.jpg","contentUrl":"https:\/\/vina-deskovic.hr\/wp-content\/uploads\/2024\/08\/Deskovic-Tris-webshop.jpg","width":800,"height":800,"caption":"Pjenu\u0161avo vino Tris"},{"@type":"BreadcrumbList","@id":"https:\/\/vina-deskovic.hr\/it\/proizvod\/pjenusavo-vino-tris\/#breadcrumb","itemListElement":[{"@type":"ListItem","position":1,"name":"Po\u010detna stranica","item":"https:\/\/vina-deskovic.hr\/it\/"},{"@type":"ListItem","position":2,"name":"Negozio","item":"https:\/\/vina-deskovic.hr\/it\/negozio\/"},{"@type":"ListItem","position":3,"name":"TRIS \u2013 Vino Spumante"}]},{"@type":"WebSite","@id":"https:\/\/vina-deskovic.hr\/it\/#website","url":"https:\/\/vina-deskovic.hr\/it\/","name":"Vina De\u0161kovi\u0107","description":"Vrhunska vina i delicije iz Istre","potentialAction":[{"@type":"SearchAction","target":{"@type":"EntryPoint","urlTemplate":"https:\/\/vina-deskovic.hr\/it\/?s={search_term_string}"},"query-input":{"@type":"PropertyValueSpecification","valueRequired":true,"valueName":"search_term_string"}}],"inLanguage":"it-IT"}]}},"_links":{"self":[{"href":"https:\/\/vina-deskovic.hr\/it\/wp-json\/wp\/v2\/product\/3399","targetHints":{"allow":["GET"]}}],"collection":[{"href":"https:\/\/vina-deskovic.hr\/it\/wp-json\/wp\/v2\/product"}],"about":[{"href":"https:\/\/vina-deskovic.hr\/it\/wp-json\/wp\/v2\/types\/product"}],"wp:featuredmedia":[{"embeddable":true,"href":"https:\/\/vina-deskovic.hr\/it\/wp-json\/wp\/v2\/media\/3198"}],"wp:attachment":[{"href":"https:\/\/vina-deskovic.hr\/it\/wp-json\/wp\/v2\/media?parent=3399"}],"wp:term":[{"taxonomy":"product_brand","embeddable":true,"href":"https:\/\/vina-deskovic.hr\/it\/wp-json\/wp\/v2\/product_brand?post=3399"},{"taxonomy":"product_cat","embeddable":true,"href":"https:\/\/vina-deskovic.hr\/it\/wp-json\/wp\/v2\/product_cat?post=3399"},{"taxonomy":"product_tag","embeddable":true,"href":"https:\/\/vina-deskovic.hr\/it\/wp-json\/wp\/v2\/product_tag?post=3399"}],"curies":[{"name":"wp","href":"https:\/\/api.w.org\/{rel}","templated":true}]}}