{"id":3406,"date":"2023-01-16T11:06:30","date_gmt":"2023-01-16T10:06:30","guid":{"rendered":"https:\/\/vina-deskovic.hr\/proizvod\/pjenusavo-vino-eros-2\/"},"modified":"2025-05-22T11:11:08","modified_gmt":"2025-05-22T09:11:08","slug":"pjenusavo-vino-eros-2","status":"publish","type":"product","link":"https:\/\/vina-deskovic.hr\/it\/proizvod\/pjenusavo-vino-eros-2\/","title":{"rendered":"EROS \u2013 Vino Spumante Ros\u00e9"},"content":{"rendered":"<p><b>Vitigni<\/b>: Teran, Refosco, Moscato Bianco<br \/>\n<b>Alcol<\/b>: 11,5 % vol<br \/>\n<b>Stile<\/b>: Spumante ros\u00e9 secco \u2013 Metodo Charmat<br \/>\n<b>Temperatura di servizio<\/b>: 6 \u2013 8 \u00b0C<br \/>\n<b>Abbinamenti ideali<\/b>: Ideale come aperitivo, con bruschette al pomodoro, carpaccio di tonno, insalate di frutta e dessert a base di frutti di bosco<br \/>\n<b>Potenziale di affinamento<\/b>: 1 \u2013 2 anni<\/p>\n<p><b>Prezzo<\/b>: 15,00 \u20ac<\/p>\n<p><strong>Eros<\/strong> \u00e8 pi\u00f9 di uno spumante \u2013 \u00e8 un vino pensato per i momenti da ricordare. Leggero, seducente e perfetto per ogni occasione.<\/p>\n","protected":false},"excerpt":{"rendered":"<p><strong>Eros<\/strong> \u00e8 uno spumante ros\u00e9 delicatamente colorato, ottenuto con <strong>metodo Charmat<\/strong>, che unisce la freschezza dei vitigni rossi istriani all\u2019eleganza aromatica del Moscato Bianco in un blend seducente ed equilibrato.<\/p>\n<p>Prodotto da<strong> Teran, Refosco e Moscato Bianco, Eros<\/strong> incanta con il suo colore rosato tenue e un perlage fine e persistente. Al naso si apre con aromi intensi di fragola, lampone, pompelmo rosa e delicate note floreali. Al palato \u00e8 secco, fresco e fruttato, con un\u2019acidit\u00e0 piacevole e un finale leggermente aromatico.<\/p>\n","protected":false},"featured_media":2170,"template":"","meta":[],"product_brand":[],"product_cat":[68],"product_tag":[69],"class_list":{"0":"post-3406","1":"product","2":"type-product","3":"status-publish","4":"has-post-thumbnail","6":"product_cat-vina-it","7":"product_tag-vino-it","8":"product_shipping_class-dostava-it","10":"first","11":"instock","12":"taxable","13":"shipping-taxable","14":"product-type-simple"},"yoast_head":"<!-- This site is optimized with the Yoast SEO plugin v27.3 - https:\/\/yoast.com\/product\/yoast-seo-wordpress\/ -->\n<title>EROS \u2013 Vino Spumante Ros\u00e9 - Vina De\u0161kovi\u0107<\/title>\n<meta name=\"robots\" content=\"index, follow, max-snippet:-1, max-image-preview:large, max-video-preview:-1\" \/>\n<link rel=\"canonical\" href=\"https:\/\/vina-deskovic.hr\/it\/proizvod\/pjenusavo-vino-eros-2\/\" \/>\n<meta property=\"og:locale\" content=\"it_IT\" \/>\n<meta property=\"og:type\" content=\"article\" \/>\n<meta property=\"og:title\" content=\"EROS \u2013 Vino Spumante Ros\u00e9 - Vina De\u0161kovi\u0107\" \/>\n<meta property=\"og:description\" content=\"Eros \u00e8 uno spumante ros\u00e9 delicatamente colorato, ottenuto con metodo Charmat, che unisce la freschezza dei vitigni rossi istriani all\u2019eleganza aromatica del Moscato Bianco in un blend seducente ed equilibrato.  Prodotto da Teran, Refosco e Moscato Bianco, Eros incanta con il suo colore rosato tenue e un perlage fine e persistente. Al naso si apre con aromi intensi di fragola, lampone, pompelmo rosa e delicate note floreali. Al palato \u00e8 secco, fresco e fruttato, con un\u2019acidit\u00e0 piacevole e un finale leggermente aromatico.\" \/>\n<meta property=\"og:url\" content=\"https:\/\/vina-deskovic.hr\/it\/proizvod\/pjenusavo-vino-eros-2\/\" \/>\n<meta property=\"og:site_name\" content=\"Vina De\u0161kovi\u0107\" \/>\n<meta property=\"article:modified_time\" content=\"2025-05-22T09:11:08+00:00\" \/>\n<meta property=\"og:image\" content=\"https:\/\/vina-deskovic.hr\/wp-content\/uploads\/2022\/06\/Pjenusavo-vino-extra-dry.jpg\" \/>\n\t<meta property=\"og:image:width\" content=\"800\" \/>\n\t<meta property=\"og:image:height\" content=\"800\" \/>\n\t<meta property=\"og:image:type\" content=\"image\/jpeg\" \/>\n<meta name=\"twitter:card\" content=\"summary_large_image\" \/>\n<meta name=\"twitter:label1\" content=\"Tempo di lettura stimato\" \/>\n\t<meta name=\"twitter:data1\" content=\"1 minuto\" \/>\n<script type=\"application\/ld+json\" class=\"yoast-schema-graph\">{\"@context\":\"https:\\\/\\\/schema.org\",\"@graph\":[{\"@type\":\"WebPage\",\"@id\":\"https:\\\/\\\/vina-deskovic.hr\\\/it\\\/proizvod\\\/pjenusavo-vino-eros-2\\\/\",\"url\":\"https:\\\/\\\/vina-deskovic.hr\\\/it\\\/proizvod\\\/pjenusavo-vino-eros-2\\\/\",\"name\":\"EROS \u2013 Vino Spumante Ros\u00e9 - Vina De\u0161kovi\u0107\",\"isPartOf\":{\"@id\":\"https:\\\/\\\/vina-deskovic.hr\\\/it\\\/#website\"},\"primaryImageOfPage\":{\"@id\":\"https:\\\/\\\/vina-deskovic.hr\\\/it\\\/proizvod\\\/pjenusavo-vino-eros-2\\\/#primaryimage\"},\"image\":{\"@id\":\"https:\\\/\\\/vina-deskovic.hr\\\/it\\\/proizvod\\\/pjenusavo-vino-eros-2\\\/#primaryimage\"},\"thumbnailUrl\":\"https:\\\/\\\/vina-deskovic.hr\\\/wp-content\\\/uploads\\\/2022\\\/06\\\/Pjenusavo-vino-extra-dry.jpg\",\"datePublished\":\"2023-01-16T10:06:30+00:00\",\"dateModified\":\"2025-05-22T09:11:08+00:00\",\"breadcrumb\":{\"@id\":\"https:\\\/\\\/vina-deskovic.hr\\\/it\\\/proizvod\\\/pjenusavo-vino-eros-2\\\/#breadcrumb\"},\"inLanguage\":\"it-IT\",\"potentialAction\":[{\"@type\":\"ReadAction\",\"target\":[\"https:\\\/\\\/vina-deskovic.hr\\\/it\\\/proizvod\\\/pjenusavo-vino-eros-2\\\/\"]}]},{\"@type\":\"ImageObject\",\"inLanguage\":\"it-IT\",\"@id\":\"https:\\\/\\\/vina-deskovic.hr\\\/it\\\/proizvod\\\/pjenusavo-vino-eros-2\\\/#primaryimage\",\"url\":\"https:\\\/\\\/vina-deskovic.hr\\\/wp-content\\\/uploads\\\/2022\\\/06\\\/Pjenusavo-vino-extra-dry.jpg\",\"contentUrl\":\"https:\\\/\\\/vina-deskovic.hr\\\/wp-content\\\/uploads\\\/2022\\\/06\\\/Pjenusavo-vino-extra-dry.jpg\",\"width\":800,\"height\":800,\"caption\":\"Pjenu\u0161avo vino extra dry\"},{\"@type\":\"BreadcrumbList\",\"@id\":\"https:\\\/\\\/vina-deskovic.hr\\\/it\\\/proizvod\\\/pjenusavo-vino-eros-2\\\/#breadcrumb\",\"itemListElement\":[{\"@type\":\"ListItem\",\"position\":1,\"name\":\"Po\u010detna stranica\",\"item\":\"https:\\\/\\\/vina-deskovic.hr\\\/it\\\/\"},{\"@type\":\"ListItem\",\"position\":2,\"name\":\"Negozio\",\"item\":\"https:\\\/\\\/vina-deskovic.hr\\\/it\\\/negozio\\\/\"},{\"@type\":\"ListItem\",\"position\":3,\"name\":\"EROS \u2013 Vino Spumante Ros\u00e9\"}]},{\"@type\":\"WebSite\",\"@id\":\"https:\\\/\\\/vina-deskovic.hr\\\/it\\\/#website\",\"url\":\"https:\\\/\\\/vina-deskovic.hr\\\/it\\\/\",\"name\":\"Vina De\u0161kovi\u0107\",\"description\":\"Vrhunska vina i delicije iz Istre\",\"potentialAction\":[{\"@type\":\"SearchAction\",\"target\":{\"@type\":\"EntryPoint\",\"urlTemplate\":\"https:\\\/\\\/vina-deskovic.hr\\\/it\\\/?s={search_term_string}\"},\"query-input\":{\"@type\":\"PropertyValueSpecification\",\"valueRequired\":true,\"valueName\":\"search_term_string\"}}],\"inLanguage\":\"it-IT\"}]}<\/script>\n<!-- \/ Yoast SEO plugin. -->","yoast_head_json":{"title":"EROS \u2013 Vino Spumante Ros\u00e9 - Vina De\u0161kovi\u0107","robots":{"index":"index","follow":"follow","max-snippet":"max-snippet:-1","max-image-preview":"max-image-preview:large","max-video-preview":"max-video-preview:-1"},"canonical":"https:\/\/vina-deskovic.hr\/it\/proizvod\/pjenusavo-vino-eros-2\/","og_locale":"it_IT","og_type":"article","og_title":"EROS \u2013 Vino Spumante Ros\u00e9 - Vina De\u0161kovi\u0107","og_description":"Eros \u00e8 uno spumante ros\u00e9 delicatamente colorato, ottenuto con metodo Charmat, che unisce la freschezza dei vitigni rossi istriani all\u2019eleganza aromatica del Moscato Bianco in un blend seducente ed equilibrato.  Prodotto da Teran, Refosco e Moscato Bianco, Eros incanta con il suo colore rosato tenue e un perlage fine e persistente. Al naso si apre con aromi intensi di fragola, lampone, pompelmo rosa e delicate note floreali. Al palato \u00e8 secco, fresco e fruttato, con un\u2019acidit\u00e0 piacevole e un finale leggermente aromatico.","og_url":"https:\/\/vina-deskovic.hr\/it\/proizvod\/pjenusavo-vino-eros-2\/","og_site_name":"Vina De\u0161kovi\u0107","article_modified_time":"2025-05-22T09:11:08+00:00","og_image":[{"width":800,"height":800,"url":"https:\/\/vina-deskovic.hr\/wp-content\/uploads\/2022\/06\/Pjenusavo-vino-extra-dry.jpg","type":"image\/jpeg"}],"twitter_card":"summary_large_image","twitter_misc":{"Tempo di lettura stimato":"1 minuto"},"schema":{"@context":"https:\/\/schema.org","@graph":[{"@type":"WebPage","@id":"https:\/\/vina-deskovic.hr\/it\/proizvod\/pjenusavo-vino-eros-2\/","url":"https:\/\/vina-deskovic.hr\/it\/proizvod\/pjenusavo-vino-eros-2\/","name":"EROS \u2013 Vino Spumante Ros\u00e9 - Vina De\u0161kovi\u0107","isPartOf":{"@id":"https:\/\/vina-deskovic.hr\/it\/#website"},"primaryImageOfPage":{"@id":"https:\/\/vina-deskovic.hr\/it\/proizvod\/pjenusavo-vino-eros-2\/#primaryimage"},"image":{"@id":"https:\/\/vina-deskovic.hr\/it\/proizvod\/pjenusavo-vino-eros-2\/#primaryimage"},"thumbnailUrl":"https:\/\/vina-deskovic.hr\/wp-content\/uploads\/2022\/06\/Pjenusavo-vino-extra-dry.jpg","datePublished":"2023-01-16T10:06:30+00:00","dateModified":"2025-05-22T09:11:08+00:00","breadcrumb":{"@id":"https:\/\/vina-deskovic.hr\/it\/proizvod\/pjenusavo-vino-eros-2\/#breadcrumb"},"inLanguage":"it-IT","potentialAction":[{"@type":"ReadAction","target":["https:\/\/vina-deskovic.hr\/it\/proizvod\/pjenusavo-vino-eros-2\/"]}]},{"@type":"ImageObject","inLanguage":"it-IT","@id":"https:\/\/vina-deskovic.hr\/it\/proizvod\/pjenusavo-vino-eros-2\/#primaryimage","url":"https:\/\/vina-deskovic.hr\/wp-content\/uploads\/2022\/06\/Pjenusavo-vino-extra-dry.jpg","contentUrl":"https:\/\/vina-deskovic.hr\/wp-content\/uploads\/2022\/06\/Pjenusavo-vino-extra-dry.jpg","width":800,"height":800,"caption":"Pjenu\u0161avo vino extra dry"},{"@type":"BreadcrumbList","@id":"https:\/\/vina-deskovic.hr\/it\/proizvod\/pjenusavo-vino-eros-2\/#breadcrumb","itemListElement":[{"@type":"ListItem","position":1,"name":"Po\u010detna stranica","item":"https:\/\/vina-deskovic.hr\/it\/"},{"@type":"ListItem","position":2,"name":"Negozio","item":"https:\/\/vina-deskovic.hr\/it\/negozio\/"},{"@type":"ListItem","position":3,"name":"EROS \u2013 Vino Spumante Ros\u00e9"}]},{"@type":"WebSite","@id":"https:\/\/vina-deskovic.hr\/it\/#website","url":"https:\/\/vina-deskovic.hr\/it\/","name":"Vina De\u0161kovi\u0107","description":"Vrhunska vina i delicije iz Istre","potentialAction":[{"@type":"SearchAction","target":{"@type":"EntryPoint","urlTemplate":"https:\/\/vina-deskovic.hr\/it\/?s={search_term_string}"},"query-input":{"@type":"PropertyValueSpecification","valueRequired":true,"valueName":"search_term_string"}}],"inLanguage":"it-IT"}]}},"_links":{"self":[{"href":"https:\/\/vina-deskovic.hr\/it\/wp-json\/wp\/v2\/product\/3406","targetHints":{"allow":["GET"]}}],"collection":[{"href":"https:\/\/vina-deskovic.hr\/it\/wp-json\/wp\/v2\/product"}],"about":[{"href":"https:\/\/vina-deskovic.hr\/it\/wp-json\/wp\/v2\/types\/product"}],"wp:featuredmedia":[{"embeddable":true,"href":"https:\/\/vina-deskovic.hr\/it\/wp-json\/wp\/v2\/media\/2170"}],"wp:attachment":[{"href":"https:\/\/vina-deskovic.hr\/it\/wp-json\/wp\/v2\/media?parent=3406"}],"wp:term":[{"taxonomy":"product_brand","embeddable":true,"href":"https:\/\/vina-deskovic.hr\/it\/wp-json\/wp\/v2\/product_brand?post=3406"},{"taxonomy":"product_cat","embeddable":true,"href":"https:\/\/vina-deskovic.hr\/it\/wp-json\/wp\/v2\/product_cat?post=3406"},{"taxonomy":"product_tag","embeddable":true,"href":"https:\/\/vina-deskovic.hr\/it\/wp-json\/wp\/v2\/product_tag?post=3406"}],"curies":[{"name":"wp","href":"https:\/\/api.w.org\/{rel}","templated":true}]}}