{"id":3429,"date":"2023-01-16T11:06:18","date_gmt":"2023-01-16T10:06:18","guid":{"rendered":"https:\/\/vina-deskovic.hr\/proizvod\/rose\/"},"modified":"2025-05-22T11:43:18","modified_gmt":"2025-05-22T09:43:18","slug":"rose","status":"publish","type":"product","link":"https:\/\/vina-deskovic.hr\/it\/proizvod\/rose\/","title":{"rendered":"ROS\u00c9 (fermo)"},"content":{"rendered":"<p><b>Vitigni<\/b>: Teran, Refosco, Moscato Bianco<br \/>\n<b>Alcol<\/b>: 9,5 % vol<br \/>\n<b>Stile<\/b>: Vino rosato semi-dolce<br \/>\n<b>Temperatura di servizio<\/b>: 6 \u2013 8 \u00b0C<br \/>\n<b>Abbinamenti ideali<\/b>: Perfetto con dessert a base di fragole e frutti di bosco, insalate di frutta, cucina asiatica speziata o semplicemente come vino da compagnia<br \/>\n<b>Potenziale di affinamento<\/b>: da consumare preferibilmente entro 1 \u2013 2 anni<\/p>\n<p><b>Prezzo<\/b>: 11,00 \u20ac<\/p>\n<p><strong>Ros\u00e9 De\u0161kovi\u0107<\/strong> \u00e8 un vino allegro e aromatico \u2013 ideale per le giornate calde, gli incontri spontanei e tutti quei momenti che richiedono tenerezza e piacere.<\/p>\n","protected":false},"excerpt":{"rendered":"<p>Il nostro <strong>Ros\u00e9<\/strong> \u00e8 un vino affascinante, fruttato e leggero, ottenuto da un blend di <strong>Teran, Refosco e Moscato Bianco<\/strong>. Unisce la freschezza delle variet\u00e0 a bacca rossa all\u2019eleganza aromatica del Moscato, dando vita a un vino dal carattere unico, arrotondato da una dolcezza sottile.<\/p>\n<p>Si presenta con un colore rosa tenue e riflessi brillanti. Al naso emergono aromi vivaci di fragola, lampone, rosa e uva moscata. Al palato \u00e8 <strong>semi-dolce<\/strong>, leggero e fresco, con un basso tenore alcolico e un finale fruttato che invita a un nuovo sorso.<\/p>\n","protected":false},"featured_media":3496,"template":"","meta":[],"product_brand":[],"product_cat":[68],"product_tag":[],"class_list":{"0":"post-3429","1":"product","2":"type-product","3":"status-publish","4":"has-post-thumbnail","6":"product_cat-vina-it","7":"product_shipping_class-dostava-it","9":"first","10":"instock","11":"taxable","12":"shipping-taxable","13":"product-type-simple"},"yoast_head":"<!-- This site is optimized with the Yoast SEO plugin v27.3 - https:\/\/yoast.com\/product\/yoast-seo-wordpress\/ -->\n<title>ROS\u00c9 (fermo) - Vina De\u0161kovi\u0107<\/title>\n<meta name=\"robots\" content=\"index, follow, max-snippet:-1, max-image-preview:large, max-video-preview:-1\" \/>\n<link rel=\"canonical\" href=\"https:\/\/vina-deskovic.hr\/it\/proizvod\/rose\/\" \/>\n<meta property=\"og:locale\" content=\"it_IT\" \/>\n<meta property=\"og:type\" content=\"article\" \/>\n<meta property=\"og:title\" content=\"ROS\u00c9 (fermo) - Vina De\u0161kovi\u0107\" \/>\n<meta property=\"og:description\" content=\"Il nostro Ros\u00e9 \u00e8 un vino affascinante, fruttato e leggero, ottenuto da un blend di Teran, Refosco e Moscato Bianco. Unisce la freschezza delle variet\u00e0 a bacca rossa all\u2019eleganza aromatica del Moscato, dando vita a un vino dal carattere unico, arrotondato da una dolcezza sottile.  Si presenta con un colore rosa tenue e riflessi brillanti. Al naso emergono aromi vivaci di fragola, lampone, rosa e uva moscata. Al palato \u00e8 semi-dolce, leggero e fresco, con un basso tenore alcolico e un finale fruttato che invita a un nuovo sorso.\" \/>\n<meta property=\"og:url\" content=\"https:\/\/vina-deskovic.hr\/it\/proizvod\/rose\/\" \/>\n<meta property=\"og:site_name\" content=\"Vina De\u0161kovi\u0107\" \/>\n<meta property=\"article:modified_time\" content=\"2025-05-22T09:43:18+00:00\" \/>\n<meta property=\"og:image\" content=\"https:\/\/vina-deskovic.hr\/wp-content\/uploads\/2023\/01\/Deskovic_Rose.jpg\" \/>\n\t<meta property=\"og:image:width\" content=\"1400\" \/>\n\t<meta property=\"og:image:height\" content=\"1400\" \/>\n\t<meta property=\"og:image:type\" content=\"image\/jpeg\" \/>\n<meta name=\"twitter:card\" content=\"summary_large_image\" \/>\n<meta name=\"twitter:label1\" content=\"Tempo di lettura stimato\" \/>\n\t<meta name=\"twitter:data1\" content=\"1 minuto\" \/>\n<script type=\"application\/ld+json\" class=\"yoast-schema-graph\">{\"@context\":\"https:\\\/\\\/schema.org\",\"@graph\":[{\"@type\":\"WebPage\",\"@id\":\"https:\\\/\\\/vina-deskovic.hr\\\/it\\\/proizvod\\\/rose\\\/\",\"url\":\"https:\\\/\\\/vina-deskovic.hr\\\/it\\\/proizvod\\\/rose\\\/\",\"name\":\"ROS\u00c9 (fermo) - Vina De\u0161kovi\u0107\",\"isPartOf\":{\"@id\":\"https:\\\/\\\/vina-deskovic.hr\\\/it\\\/#website\"},\"primaryImageOfPage\":{\"@id\":\"https:\\\/\\\/vina-deskovic.hr\\\/it\\\/proizvod\\\/rose\\\/#primaryimage\"},\"image\":{\"@id\":\"https:\\\/\\\/vina-deskovic.hr\\\/it\\\/proizvod\\\/rose\\\/#primaryimage\"},\"thumbnailUrl\":\"https:\\\/\\\/vina-deskovic.hr\\\/wp-content\\\/uploads\\\/2023\\\/01\\\/Deskovic_Rose.jpg\",\"datePublished\":\"2023-01-16T10:06:18+00:00\",\"dateModified\":\"2025-05-22T09:43:18+00:00\",\"breadcrumb\":{\"@id\":\"https:\\\/\\\/vina-deskovic.hr\\\/it\\\/proizvod\\\/rose\\\/#breadcrumb\"},\"inLanguage\":\"it-IT\",\"potentialAction\":[{\"@type\":\"ReadAction\",\"target\":[\"https:\\\/\\\/vina-deskovic.hr\\\/it\\\/proizvod\\\/rose\\\/\"]}]},{\"@type\":\"ImageObject\",\"inLanguage\":\"it-IT\",\"@id\":\"https:\\\/\\\/vina-deskovic.hr\\\/it\\\/proizvod\\\/rose\\\/#primaryimage\",\"url\":\"https:\\\/\\\/vina-deskovic.hr\\\/wp-content\\\/uploads\\\/2023\\\/01\\\/Deskovic_Rose.jpg\",\"contentUrl\":\"https:\\\/\\\/vina-deskovic.hr\\\/wp-content\\\/uploads\\\/2023\\\/01\\\/Deskovic_Rose.jpg\",\"width\":1400,\"height\":1400,\"caption\":\"Vina De\u0161kovi\u0107 ROS\u00c9\"},{\"@type\":\"BreadcrumbList\",\"@id\":\"https:\\\/\\\/vina-deskovic.hr\\\/it\\\/proizvod\\\/rose\\\/#breadcrumb\",\"itemListElement\":[{\"@type\":\"ListItem\",\"position\":1,\"name\":\"Po\u010detna stranica\",\"item\":\"https:\\\/\\\/vina-deskovic.hr\\\/it\\\/\"},{\"@type\":\"ListItem\",\"position\":2,\"name\":\"Negozio\",\"item\":\"https:\\\/\\\/vina-deskovic.hr\\\/it\\\/negozio\\\/\"},{\"@type\":\"ListItem\",\"position\":3,\"name\":\"ROS\u00c9 (fermo)\"}]},{\"@type\":\"WebSite\",\"@id\":\"https:\\\/\\\/vina-deskovic.hr\\\/it\\\/#website\",\"url\":\"https:\\\/\\\/vina-deskovic.hr\\\/it\\\/\",\"name\":\"Vina De\u0161kovi\u0107\",\"description\":\"Vrhunska vina i delicije iz Istre\",\"potentialAction\":[{\"@type\":\"SearchAction\",\"target\":{\"@type\":\"EntryPoint\",\"urlTemplate\":\"https:\\\/\\\/vina-deskovic.hr\\\/it\\\/?s={search_term_string}\"},\"query-input\":{\"@type\":\"PropertyValueSpecification\",\"valueRequired\":true,\"valueName\":\"search_term_string\"}}],\"inLanguage\":\"it-IT\"}]}<\/script>\n<!-- \/ Yoast SEO plugin. -->","yoast_head_json":{"title":"ROS\u00c9 (fermo) - Vina De\u0161kovi\u0107","robots":{"index":"index","follow":"follow","max-snippet":"max-snippet:-1","max-image-preview":"max-image-preview:large","max-video-preview":"max-video-preview:-1"},"canonical":"https:\/\/vina-deskovic.hr\/it\/proizvod\/rose\/","og_locale":"it_IT","og_type":"article","og_title":"ROS\u00c9 (fermo) - Vina De\u0161kovi\u0107","og_description":"Il nostro Ros\u00e9 \u00e8 un vino affascinante, fruttato e leggero, ottenuto da un blend di Teran, Refosco e Moscato Bianco. Unisce la freschezza delle variet\u00e0 a bacca rossa all\u2019eleganza aromatica del Moscato, dando vita a un vino dal carattere unico, arrotondato da una dolcezza sottile.  Si presenta con un colore rosa tenue e riflessi brillanti. Al naso emergono aromi vivaci di fragola, lampone, rosa e uva moscata. Al palato \u00e8 semi-dolce, leggero e fresco, con un basso tenore alcolico e un finale fruttato che invita a un nuovo sorso.","og_url":"https:\/\/vina-deskovic.hr\/it\/proizvod\/rose\/","og_site_name":"Vina De\u0161kovi\u0107","article_modified_time":"2025-05-22T09:43:18+00:00","og_image":[{"width":1400,"height":1400,"url":"https:\/\/vina-deskovic.hr\/wp-content\/uploads\/2023\/01\/Deskovic_Rose.jpg","type":"image\/jpeg"}],"twitter_card":"summary_large_image","twitter_misc":{"Tempo di lettura stimato":"1 minuto"},"schema":{"@context":"https:\/\/schema.org","@graph":[{"@type":"WebPage","@id":"https:\/\/vina-deskovic.hr\/it\/proizvod\/rose\/","url":"https:\/\/vina-deskovic.hr\/it\/proizvod\/rose\/","name":"ROS\u00c9 (fermo) - Vina De\u0161kovi\u0107","isPartOf":{"@id":"https:\/\/vina-deskovic.hr\/it\/#website"},"primaryImageOfPage":{"@id":"https:\/\/vina-deskovic.hr\/it\/proizvod\/rose\/#primaryimage"},"image":{"@id":"https:\/\/vina-deskovic.hr\/it\/proizvod\/rose\/#primaryimage"},"thumbnailUrl":"https:\/\/vina-deskovic.hr\/wp-content\/uploads\/2023\/01\/Deskovic_Rose.jpg","datePublished":"2023-01-16T10:06:18+00:00","dateModified":"2025-05-22T09:43:18+00:00","breadcrumb":{"@id":"https:\/\/vina-deskovic.hr\/it\/proizvod\/rose\/#breadcrumb"},"inLanguage":"it-IT","potentialAction":[{"@type":"ReadAction","target":["https:\/\/vina-deskovic.hr\/it\/proizvod\/rose\/"]}]},{"@type":"ImageObject","inLanguage":"it-IT","@id":"https:\/\/vina-deskovic.hr\/it\/proizvod\/rose\/#primaryimage","url":"https:\/\/vina-deskovic.hr\/wp-content\/uploads\/2023\/01\/Deskovic_Rose.jpg","contentUrl":"https:\/\/vina-deskovic.hr\/wp-content\/uploads\/2023\/01\/Deskovic_Rose.jpg","width":1400,"height":1400,"caption":"Vina De\u0161kovi\u0107 ROS\u00c9"},{"@type":"BreadcrumbList","@id":"https:\/\/vina-deskovic.hr\/it\/proizvod\/rose\/#breadcrumb","itemListElement":[{"@type":"ListItem","position":1,"name":"Po\u010detna stranica","item":"https:\/\/vina-deskovic.hr\/it\/"},{"@type":"ListItem","position":2,"name":"Negozio","item":"https:\/\/vina-deskovic.hr\/it\/negozio\/"},{"@type":"ListItem","position":3,"name":"ROS\u00c9 (fermo)"}]},{"@type":"WebSite","@id":"https:\/\/vina-deskovic.hr\/it\/#website","url":"https:\/\/vina-deskovic.hr\/it\/","name":"Vina De\u0161kovi\u0107","description":"Vrhunska vina i delicije iz Istre","potentialAction":[{"@type":"SearchAction","target":{"@type":"EntryPoint","urlTemplate":"https:\/\/vina-deskovic.hr\/it\/?s={search_term_string}"},"query-input":{"@type":"PropertyValueSpecification","valueRequired":true,"valueName":"search_term_string"}}],"inLanguage":"it-IT"}]}},"_links":{"self":[{"href":"https:\/\/vina-deskovic.hr\/it\/wp-json\/wp\/v2\/product\/3429","targetHints":{"allow":["GET"]}}],"collection":[{"href":"https:\/\/vina-deskovic.hr\/it\/wp-json\/wp\/v2\/product"}],"about":[{"href":"https:\/\/vina-deskovic.hr\/it\/wp-json\/wp\/v2\/types\/product"}],"wp:featuredmedia":[{"embeddable":true,"href":"https:\/\/vina-deskovic.hr\/it\/wp-json\/wp\/v2\/media\/3496"}],"wp:attachment":[{"href":"https:\/\/vina-deskovic.hr\/it\/wp-json\/wp\/v2\/media?parent=3429"}],"wp:term":[{"taxonomy":"product_brand","embeddable":true,"href":"https:\/\/vina-deskovic.hr\/it\/wp-json\/wp\/v2\/product_brand?post=3429"},{"taxonomy":"product_cat","embeddable":true,"href":"https:\/\/vina-deskovic.hr\/it\/wp-json\/wp\/v2\/product_cat?post=3429"},{"taxonomy":"product_tag","embeddable":true,"href":"https:\/\/vina-deskovic.hr\/it\/wp-json\/wp\/v2\/product_tag?post=3429"}],"curies":[{"name":"wp","href":"https:\/\/api.w.org\/{rel}","templated":true}]}}