{"id":3437,"date":"2023-01-16T11:06:29","date_gmt":"2023-01-16T10:06:29","guid":{"rendered":"https:\/\/vina-deskovic.hr\/proizvod\/merlot-2\/"},"modified":"2025-05-22T11:53:17","modified_gmt":"2025-05-22T09:53:17","slug":"merlot-2","status":"publish","type":"product","link":"https:\/\/vina-deskovic.hr\/it\/proizvod\/merlot-2\/","title":{"rendered":"MERLOT"},"content":{"rendered":"<p><b>Vitigno<\/b>: 100 % Merlot<br \/>\n<b>Alcol<\/b>: 14,0 % vol<br \/>\n<b>Stile<\/b>: Vino rosso secco<br \/>\n<b>Temperatura di servizio<\/b>: 16 \u2013 18 \u00b0C<br \/>\n<b>Abbinamenti ideali<\/b>: Ottimo con arrosti, carni rosse, pasta con sughi ricchi, pesce azzurro alla griglia e formaggi stagionati<br \/>\n<b>Potenziale di affinamento<\/b>: 4 \u2013 6 anni<\/p>\n<p><b>Prezzo<\/b>: 11,00 \u20ac<\/p>\n<p><strong>Merlot De\u0161kovi\u0107<\/strong> \u00e8 un vino che unisce morbidezza e profondit\u00e0 \u2013 elegante, stratificato e perfetto per gli amanti dei grandi classici.<\/p>\n","protected":false},"excerpt":{"rendered":"<p>Il <strong>Merlot<\/strong> della Vinarija De\u0161kovi\u0107 \u00e8 un vino morbido, rotondo ed elegante che esprime la pienezza del vitigno attraverso il terroir istriano. Un rosso dal carattere fruttato e dalla struttura armoniosa, ideale per un\u2019esperienza raffinata.<\/p>\n<p>Ha un colore rubino profondo con riflessi granati. Al naso spiccano aromi di prugne mature, ribes nero, mirtilli e delicate note speziate di vaniglia e cioccolato fondente. Al palato \u00e8 <strong>secco,<\/strong> vellutato, con tannini morbidi e un finale caldo e persistente.<\/p>\n","protected":false},"featured_media":2146,"template":"","meta":[],"product_brand":[],"product_cat":[68],"product_tag":[69],"class_list":{"0":"post-3437","1":"product","2":"type-product","3":"status-publish","4":"has-post-thumbnail","6":"product_cat-vina-it","7":"product_tag-vino-it","8":"product_shipping_class-dostava-it","10":"first","11":"instock","12":"taxable","13":"shipping-taxable","14":"product-type-simple"},"yoast_head":"<!-- This site is optimized with the Yoast SEO plugin v27.3 - https:\/\/yoast.com\/product\/yoast-seo-wordpress\/ -->\n<title>MERLOT - Vina De\u0161kovi\u0107<\/title>\n<meta name=\"robots\" content=\"index, follow, max-snippet:-1, max-image-preview:large, max-video-preview:-1\" \/>\n<link rel=\"canonical\" href=\"https:\/\/vina-deskovic.hr\/it\/proizvod\/merlot-2\/\" \/>\n<meta property=\"og:locale\" content=\"it_IT\" \/>\n<meta property=\"og:type\" content=\"article\" \/>\n<meta property=\"og:title\" content=\"MERLOT - Vina De\u0161kovi\u0107\" \/>\n<meta property=\"og:description\" content=\"Il Merlot della Vinarija De\u0161kovi\u0107 \u00e8 un vino morbido, rotondo ed elegante che esprime la pienezza del vitigno attraverso il terroir istriano. Un rosso dal carattere fruttato e dalla struttura armoniosa, ideale per un\u2019esperienza raffinata.  Ha un colore rubino profondo con riflessi granati. Al naso spiccano aromi di prugne mature, ribes nero, mirtilli e delicate note speziate di vaniglia e cioccolato fondente. Al palato \u00e8 secco, vellutato, con tannini morbidi e un finale caldo e persistente.\" \/>\n<meta property=\"og:url\" content=\"https:\/\/vina-deskovic.hr\/it\/proizvod\/merlot-2\/\" \/>\n<meta property=\"og:site_name\" content=\"Vina De\u0161kovi\u0107\" \/>\n<meta property=\"article:modified_time\" content=\"2025-05-22T09:53:17+00:00\" \/>\n<meta property=\"og:image\" content=\"https:\/\/vina-deskovic.hr\/wp-content\/uploads\/2022\/06\/Merlot.jpg\" \/>\n\t<meta property=\"og:image:width\" content=\"800\" \/>\n\t<meta property=\"og:image:height\" content=\"800\" \/>\n\t<meta property=\"og:image:type\" content=\"image\/jpeg\" \/>\n<meta name=\"twitter:card\" content=\"summary_large_image\" \/>\n<meta name=\"twitter:label1\" content=\"Tempo di lettura stimato\" \/>\n\t<meta name=\"twitter:data1\" content=\"1 minuto\" \/>\n<script type=\"application\/ld+json\" class=\"yoast-schema-graph\">{\"@context\":\"https:\\\/\\\/schema.org\",\"@graph\":[{\"@type\":\"WebPage\",\"@id\":\"https:\\\/\\\/vina-deskovic.hr\\\/it\\\/proizvod\\\/merlot-2\\\/\",\"url\":\"https:\\\/\\\/vina-deskovic.hr\\\/it\\\/proizvod\\\/merlot-2\\\/\",\"name\":\"MERLOT - Vina De\u0161kovi\u0107\",\"isPartOf\":{\"@id\":\"https:\\\/\\\/vina-deskovic.hr\\\/it\\\/#website\"},\"primaryImageOfPage\":{\"@id\":\"https:\\\/\\\/vina-deskovic.hr\\\/it\\\/proizvod\\\/merlot-2\\\/#primaryimage\"},\"image\":{\"@id\":\"https:\\\/\\\/vina-deskovic.hr\\\/it\\\/proizvod\\\/merlot-2\\\/#primaryimage\"},\"thumbnailUrl\":\"https:\\\/\\\/vina-deskovic.hr\\\/wp-content\\\/uploads\\\/2022\\\/06\\\/Merlot.jpg\",\"datePublished\":\"2023-01-16T10:06:29+00:00\",\"dateModified\":\"2025-05-22T09:53:17+00:00\",\"breadcrumb\":{\"@id\":\"https:\\\/\\\/vina-deskovic.hr\\\/it\\\/proizvod\\\/merlot-2\\\/#breadcrumb\"},\"inLanguage\":\"it-IT\",\"potentialAction\":[{\"@type\":\"ReadAction\",\"target\":[\"https:\\\/\\\/vina-deskovic.hr\\\/it\\\/proizvod\\\/merlot-2\\\/\"]}]},{\"@type\":\"ImageObject\",\"inLanguage\":\"it-IT\",\"@id\":\"https:\\\/\\\/vina-deskovic.hr\\\/it\\\/proizvod\\\/merlot-2\\\/#primaryimage\",\"url\":\"https:\\\/\\\/vina-deskovic.hr\\\/wp-content\\\/uploads\\\/2022\\\/06\\\/Merlot.jpg\",\"contentUrl\":\"https:\\\/\\\/vina-deskovic.hr\\\/wp-content\\\/uploads\\\/2022\\\/06\\\/Merlot.jpg\",\"width\":800,\"height\":800,\"caption\":\"Merlot\"},{\"@type\":\"BreadcrumbList\",\"@id\":\"https:\\\/\\\/vina-deskovic.hr\\\/it\\\/proizvod\\\/merlot-2\\\/#breadcrumb\",\"itemListElement\":[{\"@type\":\"ListItem\",\"position\":1,\"name\":\"Po\u010detna stranica\",\"item\":\"https:\\\/\\\/vina-deskovic.hr\\\/it\\\/\"},{\"@type\":\"ListItem\",\"position\":2,\"name\":\"Negozio\",\"item\":\"https:\\\/\\\/vina-deskovic.hr\\\/it\\\/negozio\\\/\"},{\"@type\":\"ListItem\",\"position\":3,\"name\":\"MERLOT\"}]},{\"@type\":\"WebSite\",\"@id\":\"https:\\\/\\\/vina-deskovic.hr\\\/it\\\/#website\",\"url\":\"https:\\\/\\\/vina-deskovic.hr\\\/it\\\/\",\"name\":\"Vina De\u0161kovi\u0107\",\"description\":\"Vrhunska vina i delicije iz Istre\",\"potentialAction\":[{\"@type\":\"SearchAction\",\"target\":{\"@type\":\"EntryPoint\",\"urlTemplate\":\"https:\\\/\\\/vina-deskovic.hr\\\/it\\\/?s={search_term_string}\"},\"query-input\":{\"@type\":\"PropertyValueSpecification\",\"valueRequired\":true,\"valueName\":\"search_term_string\"}}],\"inLanguage\":\"it-IT\"}]}<\/script>\n<!-- \/ Yoast SEO plugin. -->","yoast_head_json":{"title":"MERLOT - Vina De\u0161kovi\u0107","robots":{"index":"index","follow":"follow","max-snippet":"max-snippet:-1","max-image-preview":"max-image-preview:large","max-video-preview":"max-video-preview:-1"},"canonical":"https:\/\/vina-deskovic.hr\/it\/proizvod\/merlot-2\/","og_locale":"it_IT","og_type":"article","og_title":"MERLOT - Vina De\u0161kovi\u0107","og_description":"Il Merlot della Vinarija De\u0161kovi\u0107 \u00e8 un vino morbido, rotondo ed elegante che esprime la pienezza del vitigno attraverso il terroir istriano. Un rosso dal carattere fruttato e dalla struttura armoniosa, ideale per un\u2019esperienza raffinata.  Ha un colore rubino profondo con riflessi granati. Al naso spiccano aromi di prugne mature, ribes nero, mirtilli e delicate note speziate di vaniglia e cioccolato fondente. Al palato \u00e8 secco, vellutato, con tannini morbidi e un finale caldo e persistente.","og_url":"https:\/\/vina-deskovic.hr\/it\/proizvod\/merlot-2\/","og_site_name":"Vina De\u0161kovi\u0107","article_modified_time":"2025-05-22T09:53:17+00:00","og_image":[{"width":800,"height":800,"url":"https:\/\/vina-deskovic.hr\/wp-content\/uploads\/2022\/06\/Merlot.jpg","type":"image\/jpeg"}],"twitter_card":"summary_large_image","twitter_misc":{"Tempo di lettura stimato":"1 minuto"},"schema":{"@context":"https:\/\/schema.org","@graph":[{"@type":"WebPage","@id":"https:\/\/vina-deskovic.hr\/it\/proizvod\/merlot-2\/","url":"https:\/\/vina-deskovic.hr\/it\/proizvod\/merlot-2\/","name":"MERLOT - Vina De\u0161kovi\u0107","isPartOf":{"@id":"https:\/\/vina-deskovic.hr\/it\/#website"},"primaryImageOfPage":{"@id":"https:\/\/vina-deskovic.hr\/it\/proizvod\/merlot-2\/#primaryimage"},"image":{"@id":"https:\/\/vina-deskovic.hr\/it\/proizvod\/merlot-2\/#primaryimage"},"thumbnailUrl":"https:\/\/vina-deskovic.hr\/wp-content\/uploads\/2022\/06\/Merlot.jpg","datePublished":"2023-01-16T10:06:29+00:00","dateModified":"2025-05-22T09:53:17+00:00","breadcrumb":{"@id":"https:\/\/vina-deskovic.hr\/it\/proizvod\/merlot-2\/#breadcrumb"},"inLanguage":"it-IT","potentialAction":[{"@type":"ReadAction","target":["https:\/\/vina-deskovic.hr\/it\/proizvod\/merlot-2\/"]}]},{"@type":"ImageObject","inLanguage":"it-IT","@id":"https:\/\/vina-deskovic.hr\/it\/proizvod\/merlot-2\/#primaryimage","url":"https:\/\/vina-deskovic.hr\/wp-content\/uploads\/2022\/06\/Merlot.jpg","contentUrl":"https:\/\/vina-deskovic.hr\/wp-content\/uploads\/2022\/06\/Merlot.jpg","width":800,"height":800,"caption":"Merlot"},{"@type":"BreadcrumbList","@id":"https:\/\/vina-deskovic.hr\/it\/proizvod\/merlot-2\/#breadcrumb","itemListElement":[{"@type":"ListItem","position":1,"name":"Po\u010detna stranica","item":"https:\/\/vina-deskovic.hr\/it\/"},{"@type":"ListItem","position":2,"name":"Negozio","item":"https:\/\/vina-deskovic.hr\/it\/negozio\/"},{"@type":"ListItem","position":3,"name":"MERLOT"}]},{"@type":"WebSite","@id":"https:\/\/vina-deskovic.hr\/it\/#website","url":"https:\/\/vina-deskovic.hr\/it\/","name":"Vina De\u0161kovi\u0107","description":"Vrhunska vina i delicije iz Istre","potentialAction":[{"@type":"SearchAction","target":{"@type":"EntryPoint","urlTemplate":"https:\/\/vina-deskovic.hr\/it\/?s={search_term_string}"},"query-input":{"@type":"PropertyValueSpecification","valueRequired":true,"valueName":"search_term_string"}}],"inLanguage":"it-IT"}]}},"_links":{"self":[{"href":"https:\/\/vina-deskovic.hr\/it\/wp-json\/wp\/v2\/product\/3437","targetHints":{"allow":["GET"]}}],"collection":[{"href":"https:\/\/vina-deskovic.hr\/it\/wp-json\/wp\/v2\/product"}],"about":[{"href":"https:\/\/vina-deskovic.hr\/it\/wp-json\/wp\/v2\/types\/product"}],"wp:featuredmedia":[{"embeddable":true,"href":"https:\/\/vina-deskovic.hr\/it\/wp-json\/wp\/v2\/media\/2146"}],"wp:attachment":[{"href":"https:\/\/vina-deskovic.hr\/it\/wp-json\/wp\/v2\/media?parent=3437"}],"wp:term":[{"taxonomy":"product_brand","embeddable":true,"href":"https:\/\/vina-deskovic.hr\/it\/wp-json\/wp\/v2\/product_brand?post=3437"},{"taxonomy":"product_cat","embeddable":true,"href":"https:\/\/vina-deskovic.hr\/it\/wp-json\/wp\/v2\/product_cat?post=3437"},{"taxonomy":"product_tag","embeddable":true,"href":"https:\/\/vina-deskovic.hr\/it\/wp-json\/wp\/v2\/product_tag?post=3437"}],"curies":[{"name":"wp","href":"https:\/\/api.w.org\/{rel}","templated":true}]}}