{"id":3446,"date":"2025-05-20T13:33:32","date_gmt":"2025-05-20T11:33:32","guid":{"rendered":"https:\/\/vina-deskovic.hr\/proizvod\/merlot-barrique\/"},"modified":"2025-05-22T12:04:07","modified_gmt":"2025-05-22T10:04:07","slug":"merlot-barrique","status":"publish","type":"product","link":"https:\/\/vina-deskovic.hr\/it\/proizvod\/merlot-barrique\/","title":{"rendered":"MERLOT BARRIQUE"},"content":{"rendered":"<p><b>Vitigno<\/b>: 100 % Merlot<br \/>\n<b>Alcol<\/b>: 14,5 % vol<br \/>\n<b>Stile<\/b>: Vino rosso secco affinato in barrique e botti grandi<br \/>\n<b>Temperatura di servizio<\/b>: 16 \u2013 18 \u00b0C<br \/>\n<b>Abbinamenti ideali<\/b>: Carne alla griglia, vitello arrosto, piatti a base di funghi, salse cremose, formaggi stagionati<br \/>\n<b>Potenziale di affinamento<\/b>: 5 \u2013 7 anni<\/p>\n<p><b>Prezzo<\/b>: 15,00 \u20ac<\/p>\n<p><strong>Merlot Barrique De\u0161kovi\u0107<\/strong> \u00e8 un vino elegante e complesso \u2013 perfetta combinazione tra la potenza dell\u2019Istria e la raffinatezza delle grandi tradizioni vinicole francesi.<\/p>\n","protected":false},"excerpt":{"rendered":"<p><strong>Il Merlot Barrique<\/strong> della Vinarija De\u0161kovi\u0107 esprime morbidezza, pienezza ed eleganza, arricchite da un <strong>affinamento in barrique e botti grandi<\/strong> che aggiunge complessit\u00e0 e calore. Un vino stratificato, che fonde fruttuosit\u00e0 e legno in perfetto equilibrio.<\/p>\n<p>Colore rosso rubino intenso con lievi sfumature granate. Al naso rivela profumi di prugne mature, ribes nero, vaniglia, spezie e delicati sentori di cioccolato fondente e fumo. Al palato \u00e8 <strong>secco<\/strong>, vellutato, rotondo, con tannini fini e un finale lungo e caldo.<\/p>\n","protected":false},"featured_media":3490,"template":"","meta":[],"product_brand":[],"product_cat":[68],"product_tag":[69],"class_list":{"0":"post-3446","1":"product","2":"type-product","3":"status-publish","4":"has-post-thumbnail","6":"product_cat-vina-it","7":"product_tag-vino-it","8":"product_shipping_class-dostava-it","10":"first","11":"instock","12":"taxable","13":"shipping-taxable","14":"product-type-simple"},"yoast_head":"<!-- This site is optimized with the Yoast SEO plugin v27.3 - https:\/\/yoast.com\/product\/yoast-seo-wordpress\/ -->\n<title>MERLOT BARRIQUE - Vina De\u0161kovi\u0107<\/title>\n<meta name=\"robots\" content=\"index, follow, max-snippet:-1, max-image-preview:large, max-video-preview:-1\" \/>\n<link rel=\"canonical\" href=\"https:\/\/vina-deskovic.hr\/it\/proizvod\/merlot-barrique\/\" \/>\n<meta property=\"og:locale\" content=\"it_IT\" \/>\n<meta property=\"og:type\" content=\"article\" \/>\n<meta property=\"og:title\" content=\"MERLOT BARRIQUE - Vina De\u0161kovi\u0107\" \/>\n<meta property=\"og:description\" content=\"Il Merlot Barrique della Vinarija De\u0161kovi\u0107 esprime morbidezza, pienezza ed eleganza, arricchite da un affinamento in barrique e botti grandi che aggiunge complessit\u00e0 e calore. Un vino stratificato, che fonde fruttuosit\u00e0 e legno in perfetto equilibrio.  Colore rosso rubino intenso con lievi sfumature granate. Al naso rivela profumi di prugne mature, ribes nero, vaniglia, spezie e delicati sentori di cioccolato fondente e fumo. Al palato \u00e8 secco, vellutato, rotondo, con tannini fini e un finale lungo e caldo.\" \/>\n<meta property=\"og:url\" content=\"https:\/\/vina-deskovic.hr\/it\/proizvod\/merlot-barrique\/\" \/>\n<meta property=\"og:site_name\" content=\"Vina De\u0161kovi\u0107\" \/>\n<meta property=\"article:modified_time\" content=\"2025-05-22T10:04:07+00:00\" \/>\n<meta property=\"og:image\" content=\"https:\/\/vina-deskovic.hr\/wp-content\/uploads\/2023\/01\/Deskovic-Merlot-Barrique-Vinistra.jpg\" \/>\n\t<meta property=\"og:image:width\" content=\"1400\" \/>\n\t<meta property=\"og:image:height\" content=\"1400\" \/>\n\t<meta property=\"og:image:type\" content=\"image\/jpeg\" \/>\n<meta name=\"twitter:card\" content=\"summary_large_image\" \/>\n<meta name=\"twitter:label1\" content=\"Tempo di lettura stimato\" \/>\n\t<meta name=\"twitter:data1\" content=\"1 minuto\" \/>\n<script type=\"application\/ld+json\" class=\"yoast-schema-graph\">{\"@context\":\"https:\\\/\\\/schema.org\",\"@graph\":[{\"@type\":\"WebPage\",\"@id\":\"https:\\\/\\\/vina-deskovic.hr\\\/it\\\/proizvod\\\/merlot-barrique\\\/\",\"url\":\"https:\\\/\\\/vina-deskovic.hr\\\/it\\\/proizvod\\\/merlot-barrique\\\/\",\"name\":\"MERLOT BARRIQUE - Vina De\u0161kovi\u0107\",\"isPartOf\":{\"@id\":\"https:\\\/\\\/vina-deskovic.hr\\\/it\\\/#website\"},\"primaryImageOfPage\":{\"@id\":\"https:\\\/\\\/vina-deskovic.hr\\\/it\\\/proizvod\\\/merlot-barrique\\\/#primaryimage\"},\"image\":{\"@id\":\"https:\\\/\\\/vina-deskovic.hr\\\/it\\\/proizvod\\\/merlot-barrique\\\/#primaryimage\"},\"thumbnailUrl\":\"https:\\\/\\\/vina-deskovic.hr\\\/wp-content\\\/uploads\\\/2023\\\/01\\\/Deskovic-Merlot-Barrique-Vinistra.jpg\",\"datePublished\":\"2025-05-20T11:33:32+00:00\",\"dateModified\":\"2025-05-22T10:04:07+00:00\",\"breadcrumb\":{\"@id\":\"https:\\\/\\\/vina-deskovic.hr\\\/it\\\/proizvod\\\/merlot-barrique\\\/#breadcrumb\"},\"inLanguage\":\"it-IT\",\"potentialAction\":[{\"@type\":\"ReadAction\",\"target\":[\"https:\\\/\\\/vina-deskovic.hr\\\/it\\\/proizvod\\\/merlot-barrique\\\/\"]}]},{\"@type\":\"ImageObject\",\"inLanguage\":\"it-IT\",\"@id\":\"https:\\\/\\\/vina-deskovic.hr\\\/it\\\/proizvod\\\/merlot-barrique\\\/#primaryimage\",\"url\":\"https:\\\/\\\/vina-deskovic.hr\\\/wp-content\\\/uploads\\\/2023\\\/01\\\/Deskovic-Merlot-Barrique-Vinistra.jpg\",\"contentUrl\":\"https:\\\/\\\/vina-deskovic.hr\\\/wp-content\\\/uploads\\\/2023\\\/01\\\/Deskovic-Merlot-Barrique-Vinistra.jpg\",\"width\":1400,\"height\":1400,\"caption\":\"Vina De\u0161kovi\u0107 MERLOT BARRIQUE\"},{\"@type\":\"BreadcrumbList\",\"@id\":\"https:\\\/\\\/vina-deskovic.hr\\\/it\\\/proizvod\\\/merlot-barrique\\\/#breadcrumb\",\"itemListElement\":[{\"@type\":\"ListItem\",\"position\":1,\"name\":\"Po\u010detna stranica\",\"item\":\"https:\\\/\\\/vina-deskovic.hr\\\/it\\\/\"},{\"@type\":\"ListItem\",\"position\":2,\"name\":\"Negozio\",\"item\":\"https:\\\/\\\/vina-deskovic.hr\\\/it\\\/negozio\\\/\"},{\"@type\":\"ListItem\",\"position\":3,\"name\":\"MERLOT BARRIQUE\"}]},{\"@type\":\"WebSite\",\"@id\":\"https:\\\/\\\/vina-deskovic.hr\\\/it\\\/#website\",\"url\":\"https:\\\/\\\/vina-deskovic.hr\\\/it\\\/\",\"name\":\"Vina De\u0161kovi\u0107\",\"description\":\"Vrhunska vina i delicije iz Istre\",\"potentialAction\":[{\"@type\":\"SearchAction\",\"target\":{\"@type\":\"EntryPoint\",\"urlTemplate\":\"https:\\\/\\\/vina-deskovic.hr\\\/it\\\/?s={search_term_string}\"},\"query-input\":{\"@type\":\"PropertyValueSpecification\",\"valueRequired\":true,\"valueName\":\"search_term_string\"}}],\"inLanguage\":\"it-IT\"}]}<\/script>\n<!-- \/ Yoast SEO plugin. -->","yoast_head_json":{"title":"MERLOT BARRIQUE - Vina De\u0161kovi\u0107","robots":{"index":"index","follow":"follow","max-snippet":"max-snippet:-1","max-image-preview":"max-image-preview:large","max-video-preview":"max-video-preview:-1"},"canonical":"https:\/\/vina-deskovic.hr\/it\/proizvod\/merlot-barrique\/","og_locale":"it_IT","og_type":"article","og_title":"MERLOT BARRIQUE - Vina De\u0161kovi\u0107","og_description":"Il Merlot Barrique della Vinarija De\u0161kovi\u0107 esprime morbidezza, pienezza ed eleganza, arricchite da un affinamento in barrique e botti grandi che aggiunge complessit\u00e0 e calore. Un vino stratificato, che fonde fruttuosit\u00e0 e legno in perfetto equilibrio.  Colore rosso rubino intenso con lievi sfumature granate. Al naso rivela profumi di prugne mature, ribes nero, vaniglia, spezie e delicati sentori di cioccolato fondente e fumo. Al palato \u00e8 secco, vellutato, rotondo, con tannini fini e un finale lungo e caldo.","og_url":"https:\/\/vina-deskovic.hr\/it\/proizvod\/merlot-barrique\/","og_site_name":"Vina De\u0161kovi\u0107","article_modified_time":"2025-05-22T10:04:07+00:00","og_image":[{"width":1400,"height":1400,"url":"https:\/\/vina-deskovic.hr\/wp-content\/uploads\/2023\/01\/Deskovic-Merlot-Barrique-Vinistra.jpg","type":"image\/jpeg"}],"twitter_card":"summary_large_image","twitter_misc":{"Tempo di lettura stimato":"1 minuto"},"schema":{"@context":"https:\/\/schema.org","@graph":[{"@type":"WebPage","@id":"https:\/\/vina-deskovic.hr\/it\/proizvod\/merlot-barrique\/","url":"https:\/\/vina-deskovic.hr\/it\/proizvod\/merlot-barrique\/","name":"MERLOT BARRIQUE - Vina De\u0161kovi\u0107","isPartOf":{"@id":"https:\/\/vina-deskovic.hr\/it\/#website"},"primaryImageOfPage":{"@id":"https:\/\/vina-deskovic.hr\/it\/proizvod\/merlot-barrique\/#primaryimage"},"image":{"@id":"https:\/\/vina-deskovic.hr\/it\/proizvod\/merlot-barrique\/#primaryimage"},"thumbnailUrl":"https:\/\/vina-deskovic.hr\/wp-content\/uploads\/2023\/01\/Deskovic-Merlot-Barrique-Vinistra.jpg","datePublished":"2025-05-20T11:33:32+00:00","dateModified":"2025-05-22T10:04:07+00:00","breadcrumb":{"@id":"https:\/\/vina-deskovic.hr\/it\/proizvod\/merlot-barrique\/#breadcrumb"},"inLanguage":"it-IT","potentialAction":[{"@type":"ReadAction","target":["https:\/\/vina-deskovic.hr\/it\/proizvod\/merlot-barrique\/"]}]},{"@type":"ImageObject","inLanguage":"it-IT","@id":"https:\/\/vina-deskovic.hr\/it\/proizvod\/merlot-barrique\/#primaryimage","url":"https:\/\/vina-deskovic.hr\/wp-content\/uploads\/2023\/01\/Deskovic-Merlot-Barrique-Vinistra.jpg","contentUrl":"https:\/\/vina-deskovic.hr\/wp-content\/uploads\/2023\/01\/Deskovic-Merlot-Barrique-Vinistra.jpg","width":1400,"height":1400,"caption":"Vina De\u0161kovi\u0107 MERLOT BARRIQUE"},{"@type":"BreadcrumbList","@id":"https:\/\/vina-deskovic.hr\/it\/proizvod\/merlot-barrique\/#breadcrumb","itemListElement":[{"@type":"ListItem","position":1,"name":"Po\u010detna stranica","item":"https:\/\/vina-deskovic.hr\/it\/"},{"@type":"ListItem","position":2,"name":"Negozio","item":"https:\/\/vina-deskovic.hr\/it\/negozio\/"},{"@type":"ListItem","position":3,"name":"MERLOT BARRIQUE"}]},{"@type":"WebSite","@id":"https:\/\/vina-deskovic.hr\/it\/#website","url":"https:\/\/vina-deskovic.hr\/it\/","name":"Vina De\u0161kovi\u0107","description":"Vrhunska vina i delicije iz Istre","potentialAction":[{"@type":"SearchAction","target":{"@type":"EntryPoint","urlTemplate":"https:\/\/vina-deskovic.hr\/it\/?s={search_term_string}"},"query-input":{"@type":"PropertyValueSpecification","valueRequired":true,"valueName":"search_term_string"}}],"inLanguage":"it-IT"}]}},"_links":{"self":[{"href":"https:\/\/vina-deskovic.hr\/it\/wp-json\/wp\/v2\/product\/3446","targetHints":{"allow":["GET"]}}],"collection":[{"href":"https:\/\/vina-deskovic.hr\/it\/wp-json\/wp\/v2\/product"}],"about":[{"href":"https:\/\/vina-deskovic.hr\/it\/wp-json\/wp\/v2\/types\/product"}],"wp:featuredmedia":[{"embeddable":true,"href":"https:\/\/vina-deskovic.hr\/it\/wp-json\/wp\/v2\/media\/3490"}],"wp:attachment":[{"href":"https:\/\/vina-deskovic.hr\/it\/wp-json\/wp\/v2\/media?parent=3446"}],"wp:term":[{"taxonomy":"product_brand","embeddable":true,"href":"https:\/\/vina-deskovic.hr\/it\/wp-json\/wp\/v2\/product_brand?post=3446"},{"taxonomy":"product_cat","embeddable":true,"href":"https:\/\/vina-deskovic.hr\/it\/wp-json\/wp\/v2\/product_cat?post=3446"},{"taxonomy":"product_tag","embeddable":true,"href":"https:\/\/vina-deskovic.hr\/it\/wp-json\/wp\/v2\/product_tag?post=3446"}],"curies":[{"name":"wp","href":"https:\/\/api.w.org\/{rel}","templated":true}]}}