{"id":3499,"date":"2025-05-27T13:14:52","date_gmt":"2025-05-27T11:14:53","guid":{"rendered":"https:\/\/vina-deskovic.hr\/?post_type=product&#038;p=3499"},"modified":"2025-05-27T13:18:09","modified_gmt":"2025-05-27T11:18:09","slug":"malvasia-2024","status":"publish","type":"product","link":"https:\/\/vina-deskovic.hr\/it\/proizvod\/malvasia-2024\/","title":{"rendered":"MALVASIA &#8211; 2024"},"content":{"rendered":"<p><b>Vitigno<\/b>: 100 % Malvasia Istriana<br \/>\n<b>Alcol<\/b>: 13 % vol<br \/>\n<b>Stile<\/b>: Vino bianco secco e fresco<br \/>\n<b>Temperatura di servizio<\/b>: 8 \u2013 10 \u00b0C<br \/>\n<b>Abbinamenti ideali<\/b>: Perfetto con piatti a base di pesce, carni bianche, risotti, verdure grigliate, formaggi istriani e olio d\u2019oliva<br \/>\n<b>Potenziale di affinamento<\/b>: da consumare preferibilmente entro 1 \u2013 3 anni dalla vendemmia<\/p>\n<p><b>Prezzo<\/b>: 11,00 \u20ac<\/p>\n<p><strong>Malvasia De\u0161kovi\u0107<\/strong> unisce tradizione e modernit\u00e0 \u2013 un vino che racconta l\u2019Istria con freschezza e sincerit\u00e0.<\/p>\n","protected":false},"excerpt":{"rendered":"<p>La nostra <strong>Malvasia<\/strong> \u00e8 un\u2019autentica espressione del terroir istriano \u2013 fresca, minerale ed elegante, perfetta per il quotidiano ma anche per momenti speciali.<\/p>\n<p>Ottenuta esclusivamente da <strong>Malvasia istriana<\/strong>, questo vino si presenta con un colore giallo paglierino cristallino, profumi intensi di mela matura, agrumi e fiori bianchi, con sottili accenni erbacei. Al palato \u00e8 secco, rinfrescante e particolarmente beverino, con una marcata mineralit\u00e0 e un finale armonico.<\/p>\n","protected":false},"featured_media":3502,"template":"","meta":[],"product_brand":[],"product_cat":[68],"product_tag":[],"class_list":{"0":"post-3499","1":"product","2":"type-product","3":"status-publish","4":"has-post-thumbnail","6":"product_cat-vina-it","7":"product_shipping_class-dostava-it","9":"first","10":"instock","11":"taxable","12":"shipping-taxable","13":"product-type-simple"},"yoast_head":"<!-- This site is optimized with the Yoast SEO plugin v27.3 - https:\/\/yoast.com\/product\/yoast-seo-wordpress\/ -->\n<title>MALVASIA - 2024 - Vina De\u0161kovi\u0107<\/title>\n<meta name=\"robots\" content=\"index, follow, max-snippet:-1, max-image-preview:large, max-video-preview:-1\" \/>\n<link rel=\"canonical\" href=\"https:\/\/vina-deskovic.hr\/it\/proizvod\/malvasia-2024\/\" \/>\n<meta property=\"og:locale\" content=\"it_IT\" \/>\n<meta property=\"og:type\" content=\"article\" \/>\n<meta property=\"og:title\" content=\"MALVASIA - 2024 - Vina De\u0161kovi\u0107\" \/>\n<meta property=\"og:description\" content=\"La nostra Malvasia \u00e8 un\u2019autentica espressione del terroir istriano \u2013 fresca, minerale ed elegante, perfetta per il quotidiano ma anche per momenti speciali.  Ottenuta esclusivamente da Malvasia istriana, questo vino si presenta con un colore giallo paglierino cristallino, profumi intensi di mela matura, agrumi e fiori bianchi, con sottili accenni erbacei. Al palato \u00e8 secco, rinfrescante e particolarmente beverino, con una marcata mineralit\u00e0 e un finale armonico.\" \/>\n<meta property=\"og:url\" content=\"https:\/\/vina-deskovic.hr\/it\/proizvod\/malvasia-2024\/\" \/>\n<meta property=\"og:site_name\" content=\"Vina De\u0161kovi\u0107\" \/>\n<meta property=\"article:modified_time\" content=\"2025-05-27T11:18:09+00:00\" \/>\n<meta property=\"og:image\" content=\"https:\/\/vina-deskovic.hr\/wp-content\/uploads\/2025\/05\/Deskovic-Malvazija-Vinistra_Nagrada.jpg\" \/>\n\t<meta property=\"og:image:width\" content=\"1400\" \/>\n\t<meta property=\"og:image:height\" content=\"1400\" \/>\n\t<meta property=\"og:image:type\" content=\"image\/jpeg\" \/>\n<meta name=\"twitter:card\" content=\"summary_large_image\" \/>\n<meta name=\"twitter:label1\" content=\"Tempo di lettura stimato\" \/>\n\t<meta name=\"twitter:data1\" content=\"1 minuto\" \/>\n<script type=\"application\/ld+json\" class=\"yoast-schema-graph\">{\"@context\":\"https:\\\/\\\/schema.org\",\"@graph\":[{\"@type\":\"WebPage\",\"@id\":\"https:\\\/\\\/vina-deskovic.hr\\\/it\\\/proizvod\\\/malvasia-2024\\\/\",\"url\":\"https:\\\/\\\/vina-deskovic.hr\\\/it\\\/proizvod\\\/malvasia-2024\\\/\",\"name\":\"MALVASIA - 2024 - Vina De\u0161kovi\u0107\",\"isPartOf\":{\"@id\":\"https:\\\/\\\/vina-deskovic.hr\\\/it\\\/#website\"},\"primaryImageOfPage\":{\"@id\":\"https:\\\/\\\/vina-deskovic.hr\\\/it\\\/proizvod\\\/malvasia-2024\\\/#primaryimage\"},\"image\":{\"@id\":\"https:\\\/\\\/vina-deskovic.hr\\\/it\\\/proizvod\\\/malvasia-2024\\\/#primaryimage\"},\"thumbnailUrl\":\"https:\\\/\\\/vina-deskovic.hr\\\/wp-content\\\/uploads\\\/2025\\\/05\\\/Deskovic-Malvazija-Vinistra_Nagrada.jpg\",\"datePublished\":\"2025-05-27T11:14:53+00:00\",\"dateModified\":\"2025-05-27T11:18:09+00:00\",\"breadcrumb\":{\"@id\":\"https:\\\/\\\/vina-deskovic.hr\\\/it\\\/proizvod\\\/malvasia-2024\\\/#breadcrumb\"},\"inLanguage\":\"it-IT\",\"potentialAction\":[{\"@type\":\"ReadAction\",\"target\":[\"https:\\\/\\\/vina-deskovic.hr\\\/it\\\/proizvod\\\/malvasia-2024\\\/\"]}]},{\"@type\":\"ImageObject\",\"inLanguage\":\"it-IT\",\"@id\":\"https:\\\/\\\/vina-deskovic.hr\\\/it\\\/proizvod\\\/malvasia-2024\\\/#primaryimage\",\"url\":\"https:\\\/\\\/vina-deskovic.hr\\\/wp-content\\\/uploads\\\/2025\\\/05\\\/Deskovic-Malvazija-Vinistra_Nagrada.jpg\",\"contentUrl\":\"https:\\\/\\\/vina-deskovic.hr\\\/wp-content\\\/uploads\\\/2025\\\/05\\\/Deskovic-Malvazija-Vinistra_Nagrada.jpg\",\"width\":1400,\"height\":1400,\"caption\":\"Vina De\u0161kovi\u0107 Malvazija 2024\"},{\"@type\":\"BreadcrumbList\",\"@id\":\"https:\\\/\\\/vina-deskovic.hr\\\/it\\\/proizvod\\\/malvasia-2024\\\/#breadcrumb\",\"itemListElement\":[{\"@type\":\"ListItem\",\"position\":1,\"name\":\"Po\u010detna stranica\",\"item\":\"https:\\\/\\\/vina-deskovic.hr\\\/it\\\/\"},{\"@type\":\"ListItem\",\"position\":2,\"name\":\"Negozio\",\"item\":\"https:\\\/\\\/vina-deskovic.hr\\\/it\\\/negozio\\\/\"},{\"@type\":\"ListItem\",\"position\":3,\"name\":\"MALVASIA &#8211; 2024\"}]},{\"@type\":\"WebSite\",\"@id\":\"https:\\\/\\\/vina-deskovic.hr\\\/it\\\/#website\",\"url\":\"https:\\\/\\\/vina-deskovic.hr\\\/it\\\/\",\"name\":\"Vina De\u0161kovi\u0107\",\"description\":\"Vrhunska vina i delicije iz Istre\",\"potentialAction\":[{\"@type\":\"SearchAction\",\"target\":{\"@type\":\"EntryPoint\",\"urlTemplate\":\"https:\\\/\\\/vina-deskovic.hr\\\/it\\\/?s={search_term_string}\"},\"query-input\":{\"@type\":\"PropertyValueSpecification\",\"valueRequired\":true,\"valueName\":\"search_term_string\"}}],\"inLanguage\":\"it-IT\"}]}<\/script>\n<!-- \/ Yoast SEO plugin. -->","yoast_head_json":{"title":"MALVASIA - 2024 - Vina De\u0161kovi\u0107","robots":{"index":"index","follow":"follow","max-snippet":"max-snippet:-1","max-image-preview":"max-image-preview:large","max-video-preview":"max-video-preview:-1"},"canonical":"https:\/\/vina-deskovic.hr\/it\/proizvod\/malvasia-2024\/","og_locale":"it_IT","og_type":"article","og_title":"MALVASIA - 2024 - Vina De\u0161kovi\u0107","og_description":"La nostra Malvasia \u00e8 un\u2019autentica espressione del terroir istriano \u2013 fresca, minerale ed elegante, perfetta per il quotidiano ma anche per momenti speciali.  Ottenuta esclusivamente da Malvasia istriana, questo vino si presenta con un colore giallo paglierino cristallino, profumi intensi di mela matura, agrumi e fiori bianchi, con sottili accenni erbacei. Al palato \u00e8 secco, rinfrescante e particolarmente beverino, con una marcata mineralit\u00e0 e un finale armonico.","og_url":"https:\/\/vina-deskovic.hr\/it\/proizvod\/malvasia-2024\/","og_site_name":"Vina De\u0161kovi\u0107","article_modified_time":"2025-05-27T11:18:09+00:00","og_image":[{"width":1400,"height":1400,"url":"https:\/\/vina-deskovic.hr\/wp-content\/uploads\/2025\/05\/Deskovic-Malvazija-Vinistra_Nagrada.jpg","type":"image\/jpeg"}],"twitter_card":"summary_large_image","twitter_misc":{"Tempo di lettura stimato":"1 minuto"},"schema":{"@context":"https:\/\/schema.org","@graph":[{"@type":"WebPage","@id":"https:\/\/vina-deskovic.hr\/it\/proizvod\/malvasia-2024\/","url":"https:\/\/vina-deskovic.hr\/it\/proizvod\/malvasia-2024\/","name":"MALVASIA - 2024 - Vina De\u0161kovi\u0107","isPartOf":{"@id":"https:\/\/vina-deskovic.hr\/it\/#website"},"primaryImageOfPage":{"@id":"https:\/\/vina-deskovic.hr\/it\/proizvod\/malvasia-2024\/#primaryimage"},"image":{"@id":"https:\/\/vina-deskovic.hr\/it\/proizvod\/malvasia-2024\/#primaryimage"},"thumbnailUrl":"https:\/\/vina-deskovic.hr\/wp-content\/uploads\/2025\/05\/Deskovic-Malvazija-Vinistra_Nagrada.jpg","datePublished":"2025-05-27T11:14:53+00:00","dateModified":"2025-05-27T11:18:09+00:00","breadcrumb":{"@id":"https:\/\/vina-deskovic.hr\/it\/proizvod\/malvasia-2024\/#breadcrumb"},"inLanguage":"it-IT","potentialAction":[{"@type":"ReadAction","target":["https:\/\/vina-deskovic.hr\/it\/proizvod\/malvasia-2024\/"]}]},{"@type":"ImageObject","inLanguage":"it-IT","@id":"https:\/\/vina-deskovic.hr\/it\/proizvod\/malvasia-2024\/#primaryimage","url":"https:\/\/vina-deskovic.hr\/wp-content\/uploads\/2025\/05\/Deskovic-Malvazija-Vinistra_Nagrada.jpg","contentUrl":"https:\/\/vina-deskovic.hr\/wp-content\/uploads\/2025\/05\/Deskovic-Malvazija-Vinistra_Nagrada.jpg","width":1400,"height":1400,"caption":"Vina De\u0161kovi\u0107 Malvazija 2024"},{"@type":"BreadcrumbList","@id":"https:\/\/vina-deskovic.hr\/it\/proizvod\/malvasia-2024\/#breadcrumb","itemListElement":[{"@type":"ListItem","position":1,"name":"Po\u010detna stranica","item":"https:\/\/vina-deskovic.hr\/it\/"},{"@type":"ListItem","position":2,"name":"Negozio","item":"https:\/\/vina-deskovic.hr\/it\/negozio\/"},{"@type":"ListItem","position":3,"name":"MALVASIA &#8211; 2024"}]},{"@type":"WebSite","@id":"https:\/\/vina-deskovic.hr\/it\/#website","url":"https:\/\/vina-deskovic.hr\/it\/","name":"Vina De\u0161kovi\u0107","description":"Vrhunska vina i delicije iz Istre","potentialAction":[{"@type":"SearchAction","target":{"@type":"EntryPoint","urlTemplate":"https:\/\/vina-deskovic.hr\/it\/?s={search_term_string}"},"query-input":{"@type":"PropertyValueSpecification","valueRequired":true,"valueName":"search_term_string"}}],"inLanguage":"it-IT"}]}},"_links":{"self":[{"href":"https:\/\/vina-deskovic.hr\/it\/wp-json\/wp\/v2\/product\/3499","targetHints":{"allow":["GET"]}}],"collection":[{"href":"https:\/\/vina-deskovic.hr\/it\/wp-json\/wp\/v2\/product"}],"about":[{"href":"https:\/\/vina-deskovic.hr\/it\/wp-json\/wp\/v2\/types\/product"}],"wp:featuredmedia":[{"embeddable":true,"href":"https:\/\/vina-deskovic.hr\/it\/wp-json\/wp\/v2\/media\/3502"}],"wp:attachment":[{"href":"https:\/\/vina-deskovic.hr\/it\/wp-json\/wp\/v2\/media?parent=3499"}],"wp:term":[{"taxonomy":"product_brand","embeddable":true,"href":"https:\/\/vina-deskovic.hr\/it\/wp-json\/wp\/v2\/product_brand?post=3499"},{"taxonomy":"product_cat","embeddable":true,"href":"https:\/\/vina-deskovic.hr\/it\/wp-json\/wp\/v2\/product_cat?post=3499"},{"taxonomy":"product_tag","embeddable":true,"href":"https:\/\/vina-deskovic.hr\/it\/wp-json\/wp\/v2\/product_tag?post=3499"}],"curies":[{"name":"wp","href":"https:\/\/api.w.org\/{rel}","templated":true}]}}